{"id":9426,"date":"2024-04-03T23:40:16","date_gmt":"2024-04-03T20:40:16","guid":{"rendered":"https:\/\/sisu.ut.ee\/ewod\/?page_id=9426"},"modified":"2026-05-12T13:37:24","modified_gmt":"2026-05-12T10:37:24","slug":"ott-raun","status":"publish","type":"page","link":"https:\/\/ewod.ut.ee\/et\/r\/ott-raun\/","title":{"rendered":"Ott Raun"},"content":{"rendered":"<figure class=\"wp-block-image alignright size-large is-resized\"><a href=\"https:\/\/sisu.ut.ee\/wp-content\/uploads\/sites\/108\/o._raun-scaled.jpg\"><img loading=\"lazy\" decoding=\"async\" width=\"705\" height=\"1024\" src=\"https:\/\/sisu.ut.ee\/wp-content\/uploads\/sites\/108\/o._raun-705x1024.jpg\" alt=\"\" class=\"wp-image-6278\" style=\"aspect-ratio:0.688468126203282;width:216px;height:auto\" srcset=\"https:\/\/sisu.ut.ee\/wp-content\/uploads\/sites\/108\/o._raun-705x1024.jpg 705w, https:\/\/sisu.ut.ee\/wp-content\/uploads\/sites\/108\/o._raun-207x300.jpg 207w, https:\/\/sisu.ut.ee\/wp-content\/uploads\/sites\/108\/o._raun-768x1115.jpg 768w, https:\/\/sisu.ut.ee\/wp-content\/uploads\/sites\/108\/o._raun-1058x1536.jpg 1058w, https:\/\/sisu.ut.ee\/wp-content\/uploads\/sites\/108\/o._raun-1410x2048.jpg 1410w, https:\/\/sisu.ut.ee\/wp-content\/uploads\/sites\/108\/o._raun-scaled.jpg 1763w\" sizes=\"auto, (max-width: 705px) 100vw, 705px\"><\/a><\/figure>\n\n\n\n<p>Ott Raun (19. VII 1940 \u2013 21. II 2026) oli\u00a0proosakirjanik, luuletaja ja ajakirjanik.<\/p>\n\n\n\n<p>Raun s\u00fcndis Tallinnas ajakirjaniku pojana. Ta l\u00f5petas 1959. aastal Tallinna 22. keskkooli ja seej\u00e4rel Tallinna kalandustehnikumi. T\u00f6\u00f6tas kalakombinaadis t\u00f6\u00f6lisena, kuid astus edasi \u00f5ppima Tallinna Pedagoogilisse Instituuti. Ta l\u00f5petas k\u00f5rgkooli eesti keele ja kirjanduse \u00f5petaja erialal. P\u00e4rast l\u00f5petamist t\u00f6\u00f6tas ajakirjanikuna ajalehe N\u00f5ukogude \u00d5petaja toimetuses, alates 1975. aastast oli ta \u00fcle kahek\u00fcmne aasta ajakirja Looming publitsistikaosakonna juhataja. 1998-2023 oli Raun ajakirja Tuna peatoimetaja. Ta kuulus\u00a01992. aastast kuni surmani Eesti Kirjanike Liitu.<\/p>\n\n\n\n<p>Raun deb\u00fcteeris luuletustega 1963. aastal ajakirjas Noorus. 1973. aastal ilmus tema esimene luulekogu \u201eHobusel on t\u00e4na s\u00fcnnip\u00e4ev\u201c. Luulekogu p\u00e4lvis vastandlikku kriitikat. Kirjanik Jaan Kaplinski kiitis deb\u00fctanti selle eest, et ta ei hoolinud \u201etraditsioonilisest s\u00fcgavusest\u201d, vaid p\u00fc\u00fcdis avastada \u201eluulet igap\u00e4evaste inimeste argielus nende igap\u00e4evases \u00fcmbruses\u201d. P\u00e4rast seda valitses Rauna loomingus pikem paus. 1990. aastal ilmus romaan \u201eK\u00f5rvaltegelased\u201c.<\/p>\n\n\n\n<p>Raun avaldas kuus luulekogu, kolm romaani (\u201eK\u00f5rvaltegelased\u201c 1990, \u201eKuningas, kes tahtis olla narr\u201c 1995, \u201eTest\u201c 2000), artiklivalimiku \u201eVaikne eestlane\u201c (1998), muinasjuturaamatu \u201eKass nimega Inimene\u201c (2015) ning m\u00e4lestusteraamatud \u201eVaimu vend\u201c (2015) ja \u201eTuba number kaheksa\u201c (2016). Rauna parimaks luuleraamatuks on kriitika pidanud kogumikku \u201eSilmlill\u201c (1996). Romaan \u201eKuningas, kes tahtis olla narr\u201c kirjeldab minategelase eneseotsinguid unen\u00e4olisel rongireisil Barcelonast Tallinna. Ott Rauna loomingule on iseloomulikuks peetud m\u00e4ngulikkust.<\/p>\n\n\n\n<p>2003. aastal p\u00e4lvis Ott Raun Valget\u00e4he IV klassi teenetem\u00e4rgi.<\/p>\n\n\n\n<p><em>L. P.<\/em><\/p>\n\n\n\n<h4 class=\"wp-block-heading\"><br>Raamatud eesti keeles<\/h4>\n\n\n\n<p><strong><em>Luule<\/em><\/strong><br><strong>Hobusel on t\u00e4na s\u00fcnnip\u00e4ev<\/strong>. Luuletusi 1964-1972. Tallinn: Eesti Raamat, 1973, 72 lk.<br><strong>Kummelil\u00f5hn kirikus<\/strong>. Tallinn: Eesti Raamat, 1991, 78 lk.<br><strong>Silmlill<\/strong>. Tallinn: Huma, 1996, 77 lk.<br><strong>Kaheks saa<\/strong>. Luulet 2001-2002. Tallinn: Eesti Keele Sihtasutus, 2002, 84 lk.<br><strong>Alraun<\/strong>. Luulet 2004-2005. Tallinn: Verb, 2005, 93 lk.<br><strong>Iseenese v\u00e4ljan\u00e4itus<\/strong>. Luulet 1965-2005. Tallinn: Verb, 2010, 183 lk.<\/p>\n\n\n\n<p><strong><em>Romaanid<\/em><\/strong><br><strong>K\u00f5rvaltegelased<\/strong>. Tallinn: Eesti Raamat, 1990, 238 lk.<br><strong>Kuningas, kes tahtis olla narr<\/strong>. Tallinn: Eesti Raamat, 1995, 167 lk.<br><strong>Test<\/strong>. Tallinn: SE &amp; JS, 2000, 207 lk.<\/p>\n\n\n\n<p><strong><em>Muinasjutud<\/em><\/strong><br><strong>Kass nimega Inimene<\/strong>. Tallinn: Joonmeedia, 2015, 73 lk.<\/p>\n\n\n\n<p><strong><em>Publitsistika<\/em><\/strong><br><strong>Vaikne eestlane<\/strong>. Tallinn: Virgela, 1998, 191 lk.<\/p>\n\n\n\n<p><strong><em>M\u00e4lestused<\/em><\/strong><br><strong>Vaimu vend. Meenutusi. Esimene veerandsada<\/strong>. Tartu: Ilmamaa, 2015, 384 lk.<br><strong>Tuba number kaheksa. Meenutusi j\u00e4rgmisest kahek\u00fcmnest aastast (1965-1985)<\/strong>. Tartu: Ilmamaa, 2016, 395 lk.<br><strong>Tunaeile. Meenutusi kaheksak\u00fcmnendatest tunaeilseni<\/strong>. Tartu: Ilmamaa, 2019, 476 lk.<\/p>\n","protected":false},"excerpt":{"rendered":"<p>Ott Raun (19. VII 1940 \u2013 21. II 2026) oli\u00a0proosakirjanik, luuletaja ja ajakirjanik. Raun s\u00fcndis Tallinnas ajakirjaniku pojana. Ta l\u00f5petas 1959. aastal Tallinna 22. keskkooli ja seej\u00e4rel Tallinna kalandustehnikumi. T\u00f6\u00f6tas kalakombinaadis t\u00f6\u00f6lisena, kuid astus edasi \u00f5ppima Tallinna Pedagoogilisse Instituuti. Ta &#8230;<\/p>\n","protected":false},"author":43,"featured_media":0,"parent":6503,"menu_order":0,"comment_status":"closed","ping_status":"closed","template":"","meta":{"_acf_changed":false,"inline_featured_image":false,"footnotes":""},"class_list":["post-9426","page","type-page","status-publish","hentry"],"acf":[],"_links":{"self":[{"href":"https:\/\/ewod.ut.ee\/et\/wp-json\/wp\/v2\/pages\/9426","targetHints":{"allow":["GET"]}}],"collection":[{"href":"https:\/\/ewod.ut.ee\/et\/wp-json\/wp\/v2\/pages"}],"about":[{"href":"https:\/\/ewod.ut.ee\/et\/wp-json\/wp\/v2\/types\/page"}],"author":[{"embeddable":true,"href":"https:\/\/ewod.ut.ee\/et\/wp-json\/wp\/v2\/users\/43"}],"replies":[{"embeddable":true,"href":"https:\/\/ewod.ut.ee\/et\/wp-json\/wp\/v2\/comments?post=9426"}],"version-history":[{"count":3,"href":"https:\/\/ewod.ut.ee\/et\/wp-json\/wp\/v2\/pages\/9426\/revisions"}],"predecessor-version":[{"id":9431,"href":"https:\/\/ewod.ut.ee\/et\/wp-json\/wp\/v2\/pages\/9426\/revisions\/9431"}],"up":[{"embeddable":true,"href":"https:\/\/ewod.ut.ee\/et\/wp-json\/wp\/v2\/pages\/6503"}],"wp:attachment":[{"href":"https:\/\/ewod.ut.ee\/et\/wp-json\/wp\/v2\/media?parent=9426"}],"curies":[{"name":"wp","href":"https:\/\/api.w.org\/{rel}","templated":true}]}}