{"id":9433,"date":"2024-04-03T23:40:45","date_gmt":"2024-04-03T20:40:45","guid":{"rendered":"https:\/\/sisu.ut.ee\/ewod\/?page_id=9433"},"modified":"2026-05-12T14:12:23","modified_gmt":"2026-05-12T11:12:23","slug":"mait-raun","status":"publish","type":"page","link":"https:\/\/ewod.ut.ee\/et\/r\/mait-raun\/","title":{"rendered":"Mait Raun"},"content":{"rendered":"<p>Mait Ando Raun (s\u00fcndinud Mait Hando Raun, 11. IX 1963) on prosaist.<\/p>\n\n\n\n<p>Ta s\u00fcndis Tallinnas ajakirjaniku ja bibliofiili Vallo Rauna pojana. L\u00f5petas Tartu \u00dclikooli 1989. aastal ps\u00fchholoogia erialal. Ta on t\u00f6\u00f6tanud teadurina, n\u00f5unikuna ja ajakirjanikuna. K\u00f5ige pikemalt on ta olnud vabakutseline kirjanik.<\/p>\n\n\n\n<p>Raun osales taasiseseisvumisega seotud liikumistes ja v\u00e4ljaannetes. Ta on olnud S\u00f5ltumatu Infokeskuse eestvedajaid ja toimetanud aastatel 1988\u20131991 ajakirja Heinakuu, 1989\u20131990 ajalehte Muinsuskaitse Seltsi S\u00f5numid, almanahhi \u201eEesti 2000\u201c jm.<\/p>\n\n\n\n<p>Raun avaldas 1990. aastate algusest saadik esseid ja l\u00fchiproosat. 1994. aastal ilmus tema esikromaan \u201eKollane maja\u201c. Ta on avaldanud ajakirjanduses kirjanduslikke ja kultuurialaseid esseid, poliitilist publitsistikat ning jutte. Ta on kirjutanud kaasajateemalisi jutustusi ja romaane, kus minevik p\u00f5imub sageli olevikuga.<\/p>\n\n\n\n<p>Rauna \u00fcheks olulisemaks teoseks on romaan \u201eWake up\u201d (1998; j\u00e4rels\u00f5na kirjutanud Eesti tipp-poliitik ja kahekordne peaminister Mart Laar), milles autor pakub oma n\u00e4gemuse Eesti l\u00e4himinevikust aastatel 1987\u20131988.<\/p>\n\n\n\n<p>Mait Raun on p\u00e4lvinud 1988. aastal ajakirja Looming publitsistikapreemia. Kirjastuse Faatum 1994. aasta romaaniv\u00f5istlusel hinnati Rauna romaan \u201eTuline ratas\u201d kolmanda auhinna v\u00e4\u00e4riliseks.<\/p>\n\n\n\n<p>Raun on t\u00f5lkinud inglise keelest Charles Darwini \u201eThe recollections of the development of my mind and character\u201d ning vanaindia keelest mahuka kogumiku upani\u0161ade.<\/p>\n\n\n\n<p><em>L. P.<\/em><\/p>\n\n\n\n<h4 class=\"wp-block-heading\"><br>Raamatud eesti keeles<\/h4>\n\n\n\n<p><em><strong>Romaanid<\/strong><\/em><br><strong>Kollane maja<\/strong>. Tallinn: Kupar, 1994, 189 lk.<br><strong>Kihutas l\u00e4bi \u00f6\u00f6<\/strong>. Tallinn: UMARA, 1996, 152 lk.<br><strong>Tuline ratas<\/strong>. Tallinn: Faatum, 1996, 310 lk.<br><strong>Hobused<\/strong>. Tallinn: Kupar, 1998, 114 lk.<br><strong>Wake up<\/strong>: naiivseid m\u00e4lestusi ajaloost 1987\u20131988. Tallinn: SE&amp;JS, 1998, 406 lk.<br><strong>Suur Jaan ei ole inimene<\/strong>. Tallinn: MR Piller, 2001, 135 lk.<br><strong>Vana Aabrami m\u00fcsteerium<\/strong>. Tallinn: MR Piller, 2007, 216 lk.<br><strong>Doktor M\u00f6\u00f6bi seiklused Inglismaal<\/strong>. Tallinn: MR Piller, 2008, 128 lk.<br>Aet Reintam, <strong>Kellahelin<\/strong>. Teksti \u00fcles m\u00e4rkinud kirjanik MR. Tallinn: MR Piller, 2008, 240 lk.<\/p>\n\n\n\n<p><em><strong>L\u00fchiproosa<\/strong><\/em><br><strong>Armastuse lood<\/strong>. Tallinn: Boheem, 1997, 130 lk.<\/p>\n\n\n\n<p><em><strong>N\u00e4idendid<\/strong><\/em><br><strong>Kuningas Arnold<\/strong>: ajalookroonika. Tallinn: Akadeemia Tr\u00fckk, 1999, 95 lk.<\/p>\n\n\n\n<p><em><strong>Publitsistika<\/strong><\/em><br><strong>\u00d5htumaa pildid<\/strong>: Euroopa kultuuri minevikust ja olevikust. Tallinn: Ajakiri \u201eKultuur ja Elu\u201c, 1993, 32 lk.<br><strong>Sada s\u00f5na<\/strong>: meie rahva minevik, olevik ja tulevik. Tallinn: Faatum, 1997, 134 lk.<br>Mait Raun ja s\u00f5brad, <strong>Kadunud maailm<\/strong> [artiklid]. Tartu: Iseseisvus, 2004, 107 lk.<\/p>\n","protected":false},"excerpt":{"rendered":"<p>Mait Ando Raun (s\u00fcndinud Mait Hando Raun, 11. IX 1963) on prosaist. Ta s\u00fcndis Tallinnas ajakirjaniku ja bibliofiili Vallo Rauna pojana. L\u00f5petas Tartu \u00dclikooli 1989. aastal ps\u00fchholoogia erialal. Ta on t\u00f6\u00f6tanud teadurina, n\u00f5unikuna ja ajakirjanikuna. K\u00f5ige pikemalt on ta olnud &#8230;<\/p>\n","protected":false},"author":43,"featured_media":0,"parent":6503,"menu_order":0,"comment_status":"closed","ping_status":"closed","template":"","meta":{"_acf_changed":false,"inline_featured_image":false,"footnotes":""},"class_list":["post-9433","page","type-page","status-publish","hentry"],"acf":[],"_links":{"self":[{"href":"https:\/\/ewod.ut.ee\/et\/wp-json\/wp\/v2\/pages\/9433","targetHints":{"allow":["GET"]}}],"collection":[{"href":"https:\/\/ewod.ut.ee\/et\/wp-json\/wp\/v2\/pages"}],"about":[{"href":"https:\/\/ewod.ut.ee\/et\/wp-json\/wp\/v2\/types\/page"}],"author":[{"embeddable":true,"href":"https:\/\/ewod.ut.ee\/et\/wp-json\/wp\/v2\/users\/43"}],"replies":[{"embeddable":true,"href":"https:\/\/ewod.ut.ee\/et\/wp-json\/wp\/v2\/comments?post=9433"}],"version-history":[{"count":2,"href":"https:\/\/ewod.ut.ee\/et\/wp-json\/wp\/v2\/pages\/9433\/revisions"}],"predecessor-version":[{"id":9437,"href":"https:\/\/ewod.ut.ee\/et\/wp-json\/wp\/v2\/pages\/9433\/revisions\/9437"}],"up":[{"embeddable":true,"href":"https:\/\/ewod.ut.ee\/et\/wp-json\/wp\/v2\/pages\/6503"}],"wp:attachment":[{"href":"https:\/\/ewod.ut.ee\/et\/wp-json\/wp\/v2\/media?parent=9433"}],"curies":[{"name":"wp","href":"https:\/\/api.w.org\/{rel}","templated":true}]}}