{"id":9469,"date":"2024-04-03T23:40:53","date_gmt":"2024-04-03T20:40:53","guid":{"rendered":"https:\/\/sisu.ut.ee\/ewod\/?page_id=9469"},"modified":"2026-05-13T12:17:43","modified_gmt":"2026-05-13T09:17:43","slug":"piret-raud","status":"publish","type":"page","link":"https:\/\/ewod.ut.ee\/et\/r\/piret-raud\/","title":{"rendered":"Piret Raud"},"content":{"rendered":"<figure class=\"wp-block-image alignright size-large is-resized\"><a href=\"https:\/\/sisu.ut.ee\/wp-content\/uploads\/sites\/108\/Piret_Raud_2024_photo_by_Dmitri-Kotjuh-2-scaled.jpg\"><img loading=\"lazy\" decoding=\"async\" width=\"683\" height=\"1024\" src=\"https:\/\/sisu.ut.ee\/wp-content\/uploads\/sites\/108\/Piret_Raud_2024_photo_by_Dmitri-Kotjuh-2-683x1024.jpg\" alt=\"\" class=\"wp-image-6423\" style=\"aspect-ratio:0.6669960424023953;width:249px;height:auto\" title=\"Foto: Dmitri Kotjuh\" srcset=\"https:\/\/sisu.ut.ee\/wp-content\/uploads\/sites\/108\/Piret_Raud_2024_photo_by_Dmitri-Kotjuh-2-683x1024.jpg 683w, https:\/\/sisu.ut.ee\/wp-content\/uploads\/sites\/108\/Piret_Raud_2024_photo_by_Dmitri-Kotjuh-2-200x300.jpg 200w, https:\/\/sisu.ut.ee\/wp-content\/uploads\/sites\/108\/Piret_Raud_2024_photo_by_Dmitri-Kotjuh-2-768x1152.jpg 768w, https:\/\/sisu.ut.ee\/wp-content\/uploads\/sites\/108\/Piret_Raud_2024_photo_by_Dmitri-Kotjuh-2-1024x1536.jpg 1024w, https:\/\/sisu.ut.ee\/wp-content\/uploads\/sites\/108\/Piret_Raud_2024_photo_by_Dmitri-Kotjuh-2-1366x2048.jpg 1366w, https:\/\/sisu.ut.ee\/wp-content\/uploads\/sites\/108\/Piret_Raud_2024_photo_by_Dmitri-Kotjuh-2-1920x2879.jpg 1920w, https:\/\/sisu.ut.ee\/wp-content\/uploads\/sites\/108\/Piret_Raud_2024_photo_by_Dmitri-Kotjuh-2-scaled.jpg 1707w\" sizes=\"auto, (max-width: 683px) 100vw, 683px\"><\/a><\/figure>\n\n\n\n<p>Piret Raud (s\u00fcndinud 15. VII 1971) on kirjanik ja kunstnik.<\/p>\n\n\n\n<p>Ta s\u00fcndis ja \u00f5ppis Tallinnas, sh Eesti Kunstiakadeemias, mille graafika magistri\u00f5ppe l\u00f5petas 1998. aastal. Peamiselt on tegutsenud vabakutselise kunstniku ja kirjanikuna. Eesti Kirjanike Liidu liige 2006. aastast. On p\u00e4lvinud rikkalikult auhindu nii kunsti- kui kirjandusliku loomingu eest. N\u00e4iteks sai 2004. aastal lastejutuv\u00f5istlusel esimese koha raamatuga \u201eErnesto k\u00fc\u00fclikud\u201c (2004), Eesti Kultuurkapitali kirjanduse sihtkapitali aastapreemia 2005. aastal \u201eSanna ja salak\u00fctid\u201c (2005), 2008. aastal \u201ePrintsess Luluu ja h\u00e4rra Kere\u201c (2008) ja 2015. aastal \u201eLugu Sandrist, Murist, tillukesest emmest ja n\u00e4htamatust Akslist\u201c (2015) eest. On saanud korduvalt Hea lasteraamatu auhinna \u201eTobias ja teine B\u201c (2010), \u201eNatuke napakad lood\u201c (2012) ja \u201eLugu Sandrist, Murist, tillukesest emmest ja n\u00e4htamatust Akslist\u201c (2015), \u201eK\u00f5ik minu sugulased\u201c (2017), \u201eLugu v\u00e4ikesest majast, kes tahtis olla kodu\u201c (2018) ja \u201eK\u00f5rv\u201c (2019) eest. \u201eH\u00e4rra linnu lugu\u201c (2009) on p\u00e4lvinud Aasta Rosina ning The White Ravens auhinna. Viimase on saanud ka \u201eKolm soovi\u201c (2012). IBBY aunimekirja on kantud \u201ePrintsess Luluu ja h\u00e4rra Kere\u201c. 2016. aastal p\u00e4lvis Valget\u00e4he IV klassi teenetem\u00e4rgi. Tema vanemad on lastekirjanikud Eno Raud (1928-1996) ja Aino Pervik (s. 1932), vennad kirjanikud <a href=\"https:\/\/ewod.ut.ee\/et\/r\/rein-raud\/\" data-type=\"page\" data-id=\"9458\">Rein<\/a> (s. 1961) ja Mihkel Raud (s. 1969).<\/p>\n\n\n\n<p>\u00dche kaasaja edukaima ja enimt\u00f5lgitud lasteraamatute autori ja kunstnikuna paistab Piret Raud silma selgelt isikup\u00e4rase k\u00e4ekirja, oman\u00e4olise kirjandusliku ja visuaalse omailmaga. Ta on m\u00e4nguline, humoorikas, kli\u0161eesid murendav ning absurdi kasutav.<\/p>\n\n\n\n<p>T\u00e4iskasvanutele kirjutatud deb\u00fc\u00fctromaan \u201eInitsiaal purjeka ja papagoiga\u201c (2018) tegeleb muuhulgas tunnustusvajadusega ning viib lugeja kalligraafia- ja kunstimaailma. Romaanis \u201eVerihurmade aed\u201c (2019), mis v\u00f5itis <a href=\"https:\/\/ewod.ut.ee\/et\/t\/a-h-tammsaare\/\" data-type=\"page\" data-id=\"8618\">A. H. Tammsaare<\/a> nimelise kirjanduspreemia, s\u00f5lmuvad omavahel erinevate tegelaste elusaatused, keskmesse t\u00f5useb l\u00e4heduse ja lootuse teema. Romaan \u201ePortselanist nael\u201d (2021) r\u00e4\u00e4gib suhtes\u00f5ltuvusest ja manipulatiivsest k\u00e4itumisest l\u00e4hedastega. Romaan \u201eKeedetud hirvede aeg\u201d (2024) vaatleb erinevate tegelaste, eelk\u00f5ige kunstihuvilise noore neiu kujunemislugu stagnatsiooniaja rusuvuse taustal N\u00f5ukogude okupatsiooni l\u00f5puaastatel. Jutukogu \u201eNimepanija\u201d (2022) v\u00f5itis Kultuurkapitali kirjanduse sihtkapitali aastapreemia, avalugu \u201ePink\u201d v\u00f5itis ka <a href=\"https:\/\/ewod.ut.ee\/et\/t\/friedebert-tuglas\/\" data-type=\"page\" data-id=\"6932\">Tuglase<\/a> novellipreemia. Raud on hea jutustaja, ladusa ning poeetilise keelekasutusega.<\/p>\n\n\n\n<p><em>A. K.<\/em><\/p>\n\n\n\n<h4 class=\"wp-block-heading\"><br>Raamatud eesti keeles<\/h4>\n\n\n\n<p><em><strong>Romaanid<\/strong><\/em><br><strong>Initsiaal purjeka ja papagoiga<\/strong>. Tallinn: T\u00e4nap\u00e4ev, 2018, 201 lk.<br><strong>Verihurmade aed<\/strong>. Tallinn: T\u00e4nap\u00e4ev, 2019, 204 lk.<br><strong>Portselanist nael<\/strong>. Tallinn: T\u00e4nap\u00e4ev, 2021, 199 lk.<br><strong>Keedetud hirvede aeg<\/strong>. Tallinn: T\u00e4nap\u00e4ev, 2024, 300 lk.<\/p>\n\n\n\n<p><em><strong>L\u00fchiproosa<\/strong><\/em><br><strong>Kaotatud s\u00f5rmed<\/strong>. Tallinn: T\u00e4nap\u00e4ev, 2020, 172 lk.<br><strong>Nimepanija<\/strong>. Tallinn: T\u00e4nap\u00e4ev, 2022, 158 lk.<\/p>\n\n\n\n<p><em><strong>Lastekirjandus<\/strong><\/em><br><strong>Kataleena isemoodi juuksed<\/strong>. Tallinn: Sinisukk, 1995, 15 lk.<br><strong>Ernesto k\u00fc\u00fclikud<\/strong>. Tallinn: T\u00e4nap\u00e4ev, 2004, 158 lk. [J\u00e4rgmised tr\u00fckid: 2010, 2017.]<br><strong>Sanna ja salak\u00fctid<\/strong>. Tallinn: T\u00e4nap\u00e4ev, 2005, 205 lk. [J\u00e4rgnevad tr\u00fckid: 2017, 2024.]<br><strong>Printsess Luluu ja h\u00e4rra Kere<\/strong>. Tallinn: T\u00e4nap\u00e4ev, 2008, 207 lk. [J\u00e4rgnevad tr\u00fckid: 2014, 2021.]<br><strong>H\u00e4rra Linnu lugu<\/strong>. Tallinn: Tammerraamat, 2009, 35 lk.<br><strong>Emma roosad asjad<\/strong>. Tallinn: Tammerraamat, 2010, 56 lk.<br><strong>Tobias ja teine B<\/strong>. Tallinn: Mustvalge Kirjastus, 2010, 107 lk. [J\u00e4rgnevad tr\u00fckid: 2015, 2022.]<br><strong>Kolm soovi<\/strong>: eesti muinasjutu ainetel. Tallinn: T\u00e4nap\u00e4ev, 2012, 31 lk.<br><strong>Natuke napakad lood<\/strong>. Tallinn: T\u00e4nap\u00e4ev, 2012, 90 lk. [J\u00e4rgnevad tr\u00fckid: 2019, 2024.]<br><strong>Roosi tahab lennata<\/strong>. Tallinn: Mustvalge Kirjastus, 2013, 31 lk.<br><strong>Teistmoodi printsessi lood<\/strong>. Tallinn: T\u00e4nap\u00e4ev, 2013, 104 lk. [2 tr\u00fckk: 2019.]<br><strong>Mina, emme ja meie igasugused s\u00f5brad<\/strong>. Tallinn: T\u00e4nap\u00e4ev, 2014, 97 lk. [2 tr\u00fckk: 2021.]<br><strong>Emili ja oi kui palju asju<\/strong>. Tallinn: T\u00e4nap\u00e4ev, 2015, 38 lk.<br><strong>K\u00f5ik v\u00f5iks olla roosa!<\/strong>. Tallinn: Tammerraamat, 2015, 37 lk.<br><strong>Lugu Sandrist, Murist, tillukesest emmest ja n\u00e4htamatust Akslist<\/strong>. Tallinn: T\u00e4nap\u00e4ev, 2015, 96 lk. [2. tr\u00fckk: 2023.]<br><strong>Tr\u00f6\u00f6\u00f6mmmpffff, ehk Eli h\u00e4\u00e4l<\/strong>. Tallinn: T\u00e4nap\u00e4ev, 2016, 37 lk.<br><strong>K\u00f5ik minu sugulased<\/strong>. Tallinn: T\u00e4nap\u00e4ev, 2017, 115 lk. [2. tr\u00fckk: 2022.]<br><strong>Lugu v\u00e4ikesest majast, kes tahtis olla kodu<\/strong>. Tallinn: T\u00e4nap\u00e4ev, 2018, 28 lk.<br><strong>K\u00f5rv<\/strong>. Tallinn: T\u00e4nap\u00e4ev, 2019, 28 lk.<br><strong>Juurtega aed<\/strong>. Tallinn: T\u00e4nap\u00e4ev, 2020, 46 lk.<br><strong>Meri<\/strong>. Tallinn: T\u00e4nap\u00e4ev, 2021, 32 lk.<br><strong>J\u00e4rve kiri<\/strong>. Tallinn: T\u00e4nap\u00e4ev, 2023, 46 lk.<br><strong>T\u00e4htis kuju<\/strong>. Tallinn: T\u00e4nap\u00e4ev, 2025, 45 lk.<\/p>\n","protected":false},"excerpt":{"rendered":"<p>Piret Raud (s\u00fcndinud 15. VII 1971) on kirjanik ja kunstnik. Ta s\u00fcndis ja \u00f5ppis Tallinnas, sh Eesti Kunstiakadeemias, mille graafika magistri\u00f5ppe l\u00f5petas 1998. aastal. Peamiselt on tegutsenud vabakutselise kunstniku ja kirjanikuna. Eesti Kirjanike Liidu liige 2006. aastast. On p\u00e4lvinud rikkalikult &#8230;<\/p>\n","protected":false},"author":43,"featured_media":0,"parent":6503,"menu_order":0,"comment_status":"closed","ping_status":"closed","template":"","meta":{"_acf_changed":false,"inline_featured_image":false,"footnotes":""},"class_list":["post-9469","page","type-page","status-publish","hentry"],"acf":[],"_links":{"self":[{"href":"https:\/\/ewod.ut.ee\/et\/wp-json\/wp\/v2\/pages\/9469","targetHints":{"allow":["GET"]}}],"collection":[{"href":"https:\/\/ewod.ut.ee\/et\/wp-json\/wp\/v2\/pages"}],"about":[{"href":"https:\/\/ewod.ut.ee\/et\/wp-json\/wp\/v2\/types\/page"}],"author":[{"embeddable":true,"href":"https:\/\/ewod.ut.ee\/et\/wp-json\/wp\/v2\/users\/43"}],"replies":[{"embeddable":true,"href":"https:\/\/ewod.ut.ee\/et\/wp-json\/wp\/v2\/comments?post=9469"}],"version-history":[{"count":2,"href":"https:\/\/ewod.ut.ee\/et\/wp-json\/wp\/v2\/pages\/9469\/revisions"}],"predecessor-version":[{"id":9471,"href":"https:\/\/ewod.ut.ee\/et\/wp-json\/wp\/v2\/pages\/9469\/revisions\/9471"}],"up":[{"embeddable":true,"href":"https:\/\/ewod.ut.ee\/et\/wp-json\/wp\/v2\/pages\/6503"}],"wp:attachment":[{"href":"https:\/\/ewod.ut.ee\/et\/wp-json\/wp\/v2\/media?parent=9469"}],"curies":[{"name":"wp","href":"https:\/\/api.w.org\/{rel}","templated":true}]}}