{"id":9476,"date":"2024-04-03T23:41:10","date_gmt":"2024-04-03T20:41:10","guid":{"rendered":"https:\/\/sisu.ut.ee\/ewod\/?page_id=9476"},"modified":"2026-05-13T12:41:24","modified_gmt":"2026-05-13T09:41:24","slug":"mihkel-raud","status":"publish","type":"page","link":"https:\/\/ewod.ut.ee\/et\/r\/mihkel-raud\/","title":{"rendered":"Mihkel Raud"},"content":{"rendered":"<figure class=\"wp-block-image alignright size-large is-resized\"><a href=\"https:\/\/sisu.ut.ee\/wp-content\/uploads\/sites\/108\/mihkel_raud_alar_madisson-scaled.jpg\"><img loading=\"lazy\" decoding=\"async\" width=\"681\" height=\"1024\" src=\"https:\/\/sisu.ut.ee\/wp-content\/uploads\/sites\/108\/mihkel_raud_alar_madisson-681x1024.jpg\" alt=\"\" class=\"wp-image-6141\" style=\"aspect-ratio:0.6650451260647844;width:236px;height:auto\" title=\"Foto: Alar Madisson\" srcset=\"https:\/\/sisu.ut.ee\/wp-content\/uploads\/sites\/108\/mihkel_raud_alar_madisson-681x1024.jpg 681w, https:\/\/sisu.ut.ee\/wp-content\/uploads\/sites\/108\/mihkel_raud_alar_madisson-200x300.jpg 200w, https:\/\/sisu.ut.ee\/wp-content\/uploads\/sites\/108\/mihkel_raud_alar_madisson-768x1154.jpg 768w, https:\/\/sisu.ut.ee\/wp-content\/uploads\/sites\/108\/mihkel_raud_alar_madisson-1022x1536.jpg 1022w, https:\/\/sisu.ut.ee\/wp-content\/uploads\/sites\/108\/mihkel_raud_alar_madisson-1363x2048.jpg 1363w, https:\/\/sisu.ut.ee\/wp-content\/uploads\/sites\/108\/mihkel_raud_alar_madisson-1920x2885.jpg 1920w, https:\/\/sisu.ut.ee\/wp-content\/uploads\/sites\/108\/mihkel_raud_alar_madisson-scaled.jpg 1703w\" sizes=\"auto, (max-width: 681px) 100vw, 681px\"><\/a><\/figure>\n\n\n\n<p>Mihkel Raud (s. 18. I 1969) on muusik, ajakirjanik ja kirjanik.<\/p>\n\n\n\n<p>S\u00fcndis ja \u00f5ppis Tallinnas ning l\u00fchikest aega Tartu \u00dclikoolis inglise filoloogiat. On olnud Singer Vingeri ja mitme teise ansambli kitarrist, ansamblis Mr. Lawrence ka vokalist. Juhtinud telesaateid ning olnud aktiivne ajakirjanduses. Oli Riigikogu sotsiaaldemokraatide fraktsiooni liige, hiljem taandus poliitikast. Mihkel Raua vanaisa oli kirjanik Mart Raud (1903-1980), vanemad lastekirjanikud Eno Raud (1928-1996) ja Aino Pervik (1932-2025), vend kirjanik <a href=\"https:\/\/ewod.ut.ee\/et\/r\/rein-raud\/\" data-type=\"page\" data-id=\"9458\">Rein Raud<\/a> (s. 1961), \u00f5de kirjanik <a href=\"https:\/\/ewod.ut.ee\/et\/r\/piret-raud\/\" data-type=\"page\" data-id=\"9469\">Piret Raud<\/a> (s. 1971).<\/p>\n\n\n\n<p>Suure t\u00e4helepanu saavutas Raud autobiograafilise teosega \u201eMusta pori n\u00e4kku\u201c (2008), mis k\u00e4sitleb 1980. aastate Eesti rokimaailma ja muusikute elu otsekoheselt ning kohati naturalistlikult. K\u00fcllusliku ja v\u00f5rdlusterohke keelega, \u017eanrilisel piirialal kulgevas teoses on olulisel kohal alkohol, rohkete pidude ja kontsertide k\u00f5rval avaneb pilt ka autori m\u00f5ttemaailmast ning \u00fchest ajastust. Skandaalne l\u00e4hiajalooline aines pani aluse tohutule m\u00fc\u00fcgiedule. Teose p\u00f5hjal valmis Tartu teatris Vanemuine ka lavastus, mis esietendus 2012. aastal.<\/p>\n\n\n\n<p>Autobiograafilist ainest rakendavad ka eneseabi\u00f5pikuna m\u00e4\u00e4ratletav \u201eKus ma olen ja kuidas sina v\u00f5id palju kaugemale j\u00f5uda\u201c (2016), lapsevanemaks olemist lahkav \u201eIsa\u201c (2019) ning suhetele ning suhteprobleemidele keskenduvad \u201eV\u00f5tku homme mind v\u00f5i saatan\u201c (2020) ja Epp K\u00e4rsiniga koos kirjutatud \u201eEnnast raiskame v\u00f5\u00f5rastes voodites\u201d (2023). \u201e\u00dches v\u00e4ikses Eesti linnas\u201d (2022) r\u00e4\u00e4gib muusikast ja Raua kauaaegsest karj\u00e4\u00e4rist muusikamaailmas.<\/p>\n\n\n\n<p>Raud on kirjutanud ka puhtakujulise p\u00f5nevusromaani \u201eSinine on sinu taevas\u201c (2010), mille keskmes on terrorilainesse sattuv t\u00e4nap\u00e4eva Eesti.<\/p>\n\n\n\n<p><em>A. K.<\/em><\/p>\n\n\n\n<h4 class=\"wp-block-heading\"><br>Raamatud eesti keeles<\/h4>\n\n\n\n<p><strong>Musta pori n\u00e4kku<\/strong>. Tallinn: Tammerraamat, 2008, 280 lk. [J\u00e4rgmised tr\u00fckid: 2011, 2017.]<br><strong>Sinine on sinu taevas<\/strong>. Tallinn: Mustvalge Kirjastus, 2010, 254 lk. [Romaan.]<br><strong>Kus ma olen ja kuidas sina v\u00f5id palju kaugemale j\u00f5uda<\/strong>. Tallinn: FD Distribution, 2016, 399 lk.<br><strong>Eestlase k\u00e4siraamat: 100 asja, mida \u00f5ige eestlane teeb<\/strong>. Tallinn: Rahva Raamat, 2017, 223 lk.<br><strong>Isa<\/strong>. Tallinn: FD Distribution, 2019, 303 lk.<br><strong>V\u00f5tku homme mind v\u00f5i saatan<\/strong>. Tallinn: KAVA Kirjastus, 2020, 303 lk.<br><strong>\u00dches v\u00e4ikses Eesti linnas<\/strong>. Tallinn: KAVA Kirjastus, 2022, 312 lk.<br>Mihkel Raud, Epp K\u00e4rsin. <strong>Ennast raiskame v\u00f5\u00f5rastes voodites<\/strong>. Tallinn: KAVA kirjastus, 2023, 246 lk.<\/p>\n","protected":false},"excerpt":{"rendered":"<p>Mihkel Raud (s. 18. I 1969) on muusik, ajakirjanik ja kirjanik. S\u00fcndis ja \u00f5ppis Tallinnas ning l\u00fchikest aega Tartu \u00dclikoolis inglise filoloogiat. On olnud Singer Vingeri ja mitme teise ansambli kitarrist, ansamblis Mr. Lawrence ka vokalist. Juhtinud telesaateid ning olnud &#8230;<\/p>\n","protected":false},"author":43,"featured_media":0,"parent":6503,"menu_order":0,"comment_status":"closed","ping_status":"closed","template":"","meta":{"_acf_changed":false,"inline_featured_image":false,"footnotes":""},"class_list":["post-9476","page","type-page","status-publish","hentry"],"acf":[],"_links":{"self":[{"href":"https:\/\/ewod.ut.ee\/et\/wp-json\/wp\/v2\/pages\/9476","targetHints":{"allow":["GET"]}}],"collection":[{"href":"https:\/\/ewod.ut.ee\/et\/wp-json\/wp\/v2\/pages"}],"about":[{"href":"https:\/\/ewod.ut.ee\/et\/wp-json\/wp\/v2\/types\/page"}],"author":[{"embeddable":true,"href":"https:\/\/ewod.ut.ee\/et\/wp-json\/wp\/v2\/users\/43"}],"replies":[{"embeddable":true,"href":"https:\/\/ewod.ut.ee\/et\/wp-json\/wp\/v2\/comments?post=9476"}],"version-history":[{"count":3,"href":"https:\/\/ewod.ut.ee\/et\/wp-json\/wp\/v2\/pages\/9476\/revisions"}],"predecessor-version":[{"id":9480,"href":"https:\/\/ewod.ut.ee\/et\/wp-json\/wp\/v2\/pages\/9476\/revisions\/9480"}],"up":[{"embeddable":true,"href":"https:\/\/ewod.ut.ee\/et\/wp-json\/wp\/v2\/pages\/6503"}],"wp:attachment":[{"href":"https:\/\/ewod.ut.ee\/et\/wp-json\/wp\/v2\/media?parent=9476"}],"curies":[{"name":"wp","href":"https:\/\/api.w.org\/{rel}","templated":true}]}}