{"id":9501,"date":"2024-04-03T23:41:45","date_gmt":"2024-04-03T20:41:45","guid":{"rendered":"https:\/\/sisu.ut.ee\/ewod\/?page_id=9501"},"modified":"2026-05-13T13:44:36","modified_gmt":"2026-05-13T10:44:36","slug":"eno-raud","status":"publish","type":"page","link":"https:\/\/ewod.ut.ee\/et\/r\/eno-raud\/","title":{"rendered":"Eno Raud"},"content":{"rendered":"<figure class=\"wp-block-image alignright size-large is-resized\"><a href=\"https:\/\/sisu.ut.ee\/wp-content\/uploads\/sites\/108\/eno_raud-scaled.jpg\"><img loading=\"lazy\" decoding=\"async\" width=\"730\" height=\"1024\" src=\"https:\/\/sisu.ut.ee\/wp-content\/uploads\/sites\/108\/eno_raud-730x1024.jpg\" alt=\"\" class=\"wp-image-5968\" style=\"aspect-ratio:0.7128948092660952;width:225px;height:auto\" srcset=\"https:\/\/sisu.ut.ee\/wp-content\/uploads\/sites\/108\/eno_raud-730x1024.jpg 730w, https:\/\/sisu.ut.ee\/wp-content\/uploads\/sites\/108\/eno_raud-214x300.jpg 214w, https:\/\/sisu.ut.ee\/wp-content\/uploads\/sites\/108\/eno_raud-768x1077.jpg 768w, https:\/\/sisu.ut.ee\/wp-content\/uploads\/sites\/108\/eno_raud-1095x1536.jpg 1095w, https:\/\/sisu.ut.ee\/wp-content\/uploads\/sites\/108\/eno_raud-1460x2048.jpg 1460w, https:\/\/sisu.ut.ee\/wp-content\/uploads\/sites\/108\/eno_raud-1920x2694.jpg 1920w, https:\/\/sisu.ut.ee\/wp-content\/uploads\/sites\/108\/eno_raud-scaled.jpg 1825w\" sizes=\"auto, (max-width: 730px) 100vw, 730px\"><\/a><\/figure>\n\n\n\n<p>Eno Raud (15. II 1928 \u2013 9. VII 1996) oli eesti lastekirjanik ja t\u00f5lkija, kellelt on ilmunud rohkelt lugusid erinevas vanuses lastele, eesk\u00e4tt nooremale ja keskmisele koolieale. Ta on \u00fcks viljakamaid eesti lastekirjanikke, kelle juttudes leidub rohkelt fantaasiat ja huumorit, seikluslikkus p\u00f5imub \u00fchiskondlike ja argip\u00e4evaste probleemidega.<\/p>\n\n\n\n<p>Raud s\u00fcndis Tartus kirjanik Mart Raua ja lasteaedniku (hiljem ka lasteluuletaja) Lea Nurkse pojana. Ta \u00f5ppis mitmes Tallinna ja Tartu koolis ning Tallinna \u00d5petajate Seminaris. Aastatel 1947\u20131952 \u00f5ppis ta Tartu riiklikus \u00dclikoolis, mille l\u00f5petas eesti filoloogina. Ta t\u00f6\u00f6tas 1952\u20131956 Fr. R. Kreutzwaldi nim Riiklikus Raamatukogus lastekirjanduse instruktorina ning 1956\u20131965 Eesti Riiklikus Kirjastuses (alates 1964 Eesti Raamat) lastekirjanduse toimetajana, hiljem tegutses vabakutselise kirjanikuna. Raud oli Kirjanike Liidu liige alates 1963. a. Ta oli lastekirjanik Aino Perviku abikaasa, kirjanike <a href=\"https:\/\/ewod.ut.ee\/et\/r\/rein-raud\/\" data-type=\"page\" data-id=\"9458\">Rein Raua<\/a>, <a href=\"https:\/\/ewod.ut.ee\/et\/r\/mihkel-raud\/\" data-type=\"page\" data-id=\"9476\">Mihkel Raua<\/a> ja <a href=\"https:\/\/ewod.ut.ee\/et\/r\/piret-raud\/\" data-type=\"page\" data-id=\"9469\">Piret Raua<\/a> isa. Raua loomingut on tunnustatud mitmesuguste preemiatega, sh ENSV kirjanduse aastapreemia (1970) ja <a href=\"https:\/\/ewod.ut.ee\/et\/s\/juhan-smuul\/\" data-type=\"page\" data-id=\"8804\">Juhan Smuuli<\/a> nimeline preemia (1980); 1978. a sai ta ENSV teenelise kirjaniku aunimetuse. Aastal 1974 kanti Eno Raud Rahvusvahelise Noorsookirjanduse N\u00f5ukogu (IBBY) aunimekirja, tema loomingut on t\u00f5lgitud mitmek\u00fcmnesse keelde.<\/p>\n\n\n\n<p><a><\/a> Raua esimene lasteraamat \u201eNii v\u00f5i naa\u201c ilmus esmalt vene keelde t\u00f5lgituna Moskvas, eesti keeles 1957. J\u00e4rgnesid realistlikud lapsep\u00f5lvem\u00e4ngudest inspireeritud lood \u201eRoostevaba m\u00f5\u00f5k\u201d (1957) ja \u201eS\u00f5jakirves on v\u00e4lja kaevatud\u201d (1959) ning v\u00e4ikelastele jutukogud \u201eM\u00f5ru kook\u201d 1959 jt. Raua k\u00f5ige tuntumateks teosteks kujunesid muinasjutuliste elementidega Sipsiku lood v\u00e4ikelastele (\u201eSipsik\u201d, 1962, \u201eAnu ja Sipsik\u201d, 1970) ning Naksitrallide sari, milles kujutatakse kolme inimlike omaduste ning tugevalt erineva karakteriga olendi, Muhvi, Kingpoole ja Sammalhabeme seiklusi. (\u201eNaksitrallid\u201d I-II 1972\u20131975, \u201eJ\u00e4lle need naksitrallid\u201d I-II 1979-1982). Naksitrallide-sari kuulub eesti kirjanduse k\u00f5ige enam t\u00f5lgitud teoste hulka. Raud on avaldanud ka rohkelt l\u00fchijutte ning s\u00f5nam\u00e4ngulist lasteluulet, teinud rahvaluulet\u00f6\u00f6tlusi lastele (\u201eKalevipoja\u201d proosaversioon (1961) jt) , kirjutanud reisilugusid, lasten\u00e4idendeid, filmistsenaariume (\u201eTuli \u00f6\u00f6s\u201d, \u201eNaksitrallid\u201d jt) ning koostanud lastekirjanduse kogumikud \u201eKirju-Mirju\u201d (I-II 1969-1974). T\u00e4iskasvanutele on ta kirjutanud romaani \u201eEtturid\u201c (1968) metsavendadest ning romaani \u201ePuujumal\u201c (1971), mis k\u00f5neleb v\u00e4ikerahvaste saatusest.<\/p>\n\n\n\n<p><em>M. U.<\/em><\/p>\n\n\n\n<h4 class=\"wp-block-heading\"><br>Raamatud eesti keeles<\/h4>\n\n\n\n<p><strong><em>Lastelood<\/em><\/strong><br><strong>Nii v\u00f5i naa<\/strong>. Tallinn: Eesti Riiklik Kirjastus, 1957, 17 lk.<br><strong>Roostevaba M\u00f5\u00f5k<\/strong>. Tallinn: Eesti Riiklik Kirjastus, 1957, 95 lk. [J\u00e4rgnevad tr\u00fckid: 1963, 1978, 1990, 2005, 2019.]<br><strong>S\u00f5jakirves on v\u00e4lja kaevatud<\/strong>. Tallinn: Eesti Riiklik Kirjastus, 1959, 64 lk.<br><strong>M\u00f5ru kook<\/strong>. Tallinn: Eesti Riiklik Kirjastus, 1959, 20 lk.<br><strong>Imep\u00e4rane kiikhobu<\/strong>. Tallinn: Eesti Riiklik Kirjastus, 1959, 24 lk.<br><strong>Kurjad mehikesed<\/strong>. Tartu: Vabariiklik Sanitaarhariduse Maja, 1961, 17 lk. [J\u00e4rgnevad tr\u00fckid: 1962, 2011.]<br><strong>Sipsik<\/strong>. Tallinn: Eesti Riiklik Kirjastus, 1962, 49 lk. [J\u00e4rgnevad tr\u00fckid: 1969, 1981, 1987, 1996, 2001, 2009, 2025.]<br>Aino Pervik, Eno Raud, <strong>Rein karuradadel: Reisijutt Karjalast<\/strong>. Tallinn: Eesti Riiklik Kirjastus, 1962, 131 lk.<br><strong>V\u00e4ike motoroller<\/strong>. Tallinn: Eesti Raamat, 1965, 20 lk.<br><strong>P\u00f5dras\u00f5it: Matkakiri Lapimaalt<\/strong>. Tallinn: Eesti Raamat, 1965, 88 lk.<br><strong>Helikopter ja tuuleveski<\/strong>. Tallinn: Eesti raamat, 1966, 20 lk.<br><strong>Peep ja s\u00f5nad<\/strong>. Tallinn: Eesti Raamat, 1967, 20 lk. [J\u00e4rgnevad tr\u00fckid: 1970, 1999, 2012.]<br><strong>Tuli pimendatud linnas<\/strong>. Tallinn: Eesti Raamat, 1967, 200 lk. [J\u00e4rgnevad tr\u00fckid: 1978, 1984.]<br><strong>P\u00e4ris kriminaalne lugu<\/strong>. Tallinn: Eesti Raamat, 1968, 54 lk. [Kordustr\u00fckk: 2017.]<br><strong>Lugu lendavate taldrikutega<\/strong>. Tallinn: Eesti Raamat, 1969, 103 lk. [J\u00e4rgnevad tr\u00fckid: 1973, 1978, 2000, 2017.]<br><strong>Pliiatsilugu<\/strong>. Tallinn: Kunst, 1969, 16 lk. [Teine tr\u00fckk: 2010.]<br><strong>Huviline filmikaamera<\/strong>. Tallinn: Eesti Raamat, 1969, lk.<br><strong>Telepaatiline lugu<\/strong>. Tallinn: Eesti Raamat, 1970, 80 lk. [Kordustr\u00fckk: 2017.]<br><strong>Anu ja Sipsik<\/strong>. Tallinn: Eesti Raamat, 1970, 40 lk.<br><strong>Triin ja p\u00e4ike<\/strong>. Tallinn: Eesti Raamat, 1971, 16 lk. [Teine tr\u00fckk: 2013.]<br><strong>Konn ja ekskavaator<\/strong>. Tallinn: Eesti Raamat, 1972, 48 lk. [Teine tr\u00fckk: 2016.]<br><strong>Karu maja<\/strong>. Tallinn: Eesti Raamat, 1972, 32 lk. [Teine trpkk: 1999.]<br><strong>Naksitrallid. [1. raamat]<\/strong>. Tallinn: Eesti Raamat, 1972, 92 lk. [J\u00e4rgnevad tr\u00fckid: 1984, 1998, 2007, 2013, 2019, 2024.]<br><strong>V\u00e4ike autoraamat<\/strong>. Tallinn: Eesti Raamat, 1974, 18 lk. [Teine tr\u00fckk: 2009.]<br><strong>Toonekurg vahipostil<\/strong>. Tallinn: Eesti Raamat, 1974, 20 lk.<br><strong>Naksitrallid. 2. raamat<\/strong>. Tallinn: Eesti Raamat, 1975. [J\u00e4rgnevad tr\u00fckid: 1984, 1999, 2007, 2013, 2024.]<br><strong>J\u00e4lle need naksitrallid. 1. raamat<\/strong>. Tallinn: Eesti Raamat, 1979, 144 lk. [J\u00e4rgnavad tr\u00fckid: 1986, 2000, 2009, 2014, 2019.]<br><strong>M\u00e4rgutuled Padalaiul<\/strong>. Tallinn: Eesti Raamat, 1977, 136 lk.<br><strong>Sipsikute juturaamat<\/strong>. Tallinn: Eesti Raamat, 1978, 208 lk.<br><strong>Kuidas peab h\u00fc\u00fcdma?<\/strong>. Tallinn: Eesti Raamat, 1978, 12 lk.<br><strong>Ninatark muna<\/strong>. Tallinn: Perioodika, 1980, 41 lk. [J\u00e4rgnevad tr\u00fckid: 2007, 2018.]<br><strong>J\u00e4lle need naksitrallid. 2. raamat<\/strong>. Tallinn: Eesti Raamat, 1982, 128 lk. [J\u00e4rgnavad tr\u00fckid: 1986, 2005, 2009, 2014, 2019.]<br><strong>Suvejutte veski alt<\/strong>. Tallinn: Eesti Raamat, 1982, 26 lk.<br><strong>Suve v\u00e4rvid<\/strong>. Tallinn: Eesti Raamat, 1983, 24 lk.<br><strong>Kassid ja hiired<\/strong>. Tallinn: Eesti Raamat, 1985, 32 lk.<br><strong>N\u00e4\u00e4rip\u00e4kapikk<\/strong>. Tallinn: Eesti Raamat 1985, 16 lk. [J\u00e4rgnevad tr\u00fckid: 2021, 2024.]<br><strong>Siniste kaantega klade<\/strong>. Tallinn: Tiritamm, 1993, 113 lk.<br><strong>Konnasadu<\/strong>. Tallinn: Varrak, 1993, 16 lk.<br><strong>Miks kuu paistab ja teisi v\u00e4ikesi j\u00e4nesejutte<\/strong>. Tallinn: Varrak, 1994, 16 lk.<br><strong>Kukest ja kurest, konnast ja karust<\/strong>. Tallinn: Tiritamm, 2001, 30 lk.<br><strong>Nii ja naa : jutud lastele 1957-1994<\/strong>. Koostanud Mare M\u00fc\u00fcrsepp. Tallinn: Tammerraamat, 2019, 313 lk.<\/p>\n\n\n\n<p><strong><em>Eesti folkloori ainelised t\u00f6\u00f6tlused lastele<\/em><\/strong><br><strong>Kaval-Ants ja Vanapagan<\/strong>. Tallinn: Eesti Riiklik Kirjastus, 1958, 47 lk. [Teine tr\u00fckk: 1966, 2022.]<br><strong>Suur-T\u00f5ll<\/strong>. Tallinn: Eesti Riiklik Kirjastus, 1959, 22 lk. [J\u00e4rgnevad tr\u00fckid: Toronto: S.\u00dc.T., 1979 (faksiimiletr.), Tallinn: T\u00e4nap\u00e4ev, 2000.]<br><strong>Kalevipoeg<\/strong>. Tallinn: Eesti Riiklik Kirjastus, 1961, 88 lk. [J\u00e4rgnevad tr\u00fckid: 1970, 1976 (Uppsala), 1998, 2004, 2009, 2013, 2025.]<br><strong>Kilplased<\/strong>. Tallinn: Eesti Riiklik Kirjastus, 1962, 32 lk. [J\u00e4rgnevad tr\u00fckid: 2000, 2016.]<\/p>\n\n\n\n<p><strong><em>Lasteluule<\/em><\/strong><br><strong>Kalakari salakaril<\/strong>. Tallinn: Eesti Raamat, 1974, 28 lk.<br><strong>K\u00e4bi k\u00e4bih\u00e4bi<\/strong>. Tallinn: Eesti Raamat, 1977, 28 lk.<br><strong>Padakonna vada<\/strong>. Tallinn: Eesti Raamat, 1985, 40 lk.<br><strong>Kilul oli vilu<\/strong>. Tallinn: Eesti Raamat, 1987, 127 lk. [2. tr\u00fckk: 2023.]<br><strong>Kala k\u00f5nnib jala<\/strong>. Tallinn: Varrak, 1997, 47 lk.<br><strong>Eriline herilane<\/strong>. Tallinn: Tiritamm, 2008, 32 lk.<br><strong>Luige huige: Luulet lastele 1974-2008<\/strong>. Tallinn: Tammerraamat, 2016, 205 lk.<br>\u00a0<br><strong><em>Romaanid t\u00e4iskasvanutele<\/em><\/strong><br><strong>Etturid<\/strong>. Tallinn: Eesti Raamat, 1968, 150 lk. [Teine tr\u00fckk: 2010.]<br><strong>Puujumal<\/strong>. Tallinn: Eesti Raamat, 1971, 100 lk.<\/p>\n","protected":false},"excerpt":{"rendered":"<p>Eno Raud (15. II 1928 \u2013 9. VII 1996) oli eesti lastekirjanik ja t\u00f5lkija, kellelt on ilmunud rohkelt lugusid erinevas vanuses lastele, eesk\u00e4tt nooremale ja keskmisele koolieale. Ta on \u00fcks viljakamaid eesti lastekirjanikke, kelle juttudes leidub rohkelt fantaasiat ja huumorit, &#8230;<\/p>\n","protected":false},"author":43,"featured_media":0,"parent":6503,"menu_order":0,"comment_status":"closed","ping_status":"closed","template":"","meta":{"_acf_changed":false,"inline_featured_image":false,"footnotes":""},"class_list":["post-9501","page","type-page","status-publish","hentry"],"acf":[],"_links":{"self":[{"href":"https:\/\/ewod.ut.ee\/et\/wp-json\/wp\/v2\/pages\/9501","targetHints":{"allow":["GET"]}}],"collection":[{"href":"https:\/\/ewod.ut.ee\/et\/wp-json\/wp\/v2\/pages"}],"about":[{"href":"https:\/\/ewod.ut.ee\/et\/wp-json\/wp\/v2\/types\/page"}],"author":[{"embeddable":true,"href":"https:\/\/ewod.ut.ee\/et\/wp-json\/wp\/v2\/users\/43"}],"replies":[{"embeddable":true,"href":"https:\/\/ewod.ut.ee\/et\/wp-json\/wp\/v2\/comments?post=9501"}],"version-history":[{"count":3,"href":"https:\/\/ewod.ut.ee\/et\/wp-json\/wp\/v2\/pages\/9501\/revisions"}],"predecessor-version":[{"id":9505,"href":"https:\/\/ewod.ut.ee\/et\/wp-json\/wp\/v2\/pages\/9501\/revisions\/9505"}],"up":[{"embeddable":true,"href":"https:\/\/ewod.ut.ee\/et\/wp-json\/wp\/v2\/pages\/6503"}],"wp:attachment":[{"href":"https:\/\/ewod.ut.ee\/et\/wp-json\/wp\/v2\/media?parent=9501"}],"curies":[{"name":"wp","href":"https:\/\/api.w.org\/{rel}","templated":true}]}}