{"id":9515,"date":"2024-04-03T23:41:40","date_gmt":"2024-04-03T20:41:40","guid":{"rendered":"https:\/\/sisu.ut.ee\/ewod\/?page_id=9515"},"modified":"2026-05-13T14:10:02","modified_gmt":"2026-05-13T11:10:02","slug":"aleksis-rannit","status":"publish","type":"page","link":"https:\/\/ewod.ut.ee\/et\/r\/aleksis-rannit\/","title":{"rendered":"Aleksis Rannit"},"content":{"rendered":"<figure class=\"wp-block-image alignright size-large is-resized\"><a href=\"https:\/\/sisu.ut.ee\/wp-content\/uploads\/sites\/108\/aleksis_rannit.jpg\"><img loading=\"lazy\" decoding=\"async\" width=\"760\" height=\"1024\" src=\"https:\/\/sisu.ut.ee\/wp-content\/uploads\/sites\/108\/aleksis_rannit-760x1024.jpg\" alt=\"\" class=\"wp-image-6116\" style=\"aspect-ratio:0.7421915453251322;width:239px;height:auto\" srcset=\"https:\/\/sisu.ut.ee\/wp-content\/uploads\/sites\/108\/aleksis_rannit-760x1024.jpg 760w, https:\/\/sisu.ut.ee\/wp-content\/uploads\/sites\/108\/aleksis_rannit-223x300.jpg 223w, https:\/\/sisu.ut.ee\/wp-content\/uploads\/sites\/108\/aleksis_rannit-768x1035.jpg 768w, https:\/\/sisu.ut.ee\/wp-content\/uploads\/sites\/108\/aleksis_rannit-1140x1536.jpg 1140w, https:\/\/sisu.ut.ee\/wp-content\/uploads\/sites\/108\/aleksis_rannit-1519x2048.jpg 1519w, https:\/\/sisu.ut.ee\/wp-content\/uploads\/sites\/108\/aleksis_rannit.jpg 1587w\" sizes=\"auto, (max-width: 760px) 100vw, 760px\"><\/a><\/figure>\n\n\n\n<p>Aleksis Rannit (s\u00fcnninimi\u00a0Aleksei Dolgo\u0161ev, 14. X 1914 \u2013 5. I 1985) oli kirjanik ja kunstiteadlane.<\/p>\n\n\n\n<p>Ta s\u00fcndis Kallaste linnas\u00a0ehitusinseneri ja matemaatika\u00f5petaja perekonnas. \u00d5ppis aastatel 1940\u20131944 Kaunase ja Vilniuse \u00dclikoolis\u00a0kunstiajalugu, esteetikat, vene kirjandust ja raamatukogundust. \u00d5pingute ajal t\u00f6\u00f6tas Leedu Riiklikus Raamatukogus graafikakogu konservaatorina ja Leedu Riigiteatris t\u00f5lkijana. 1944 p\u00f5genes Saksamaale, aastatel 1947\u20131949\u00a0\u00f5ppis Saksamaal Freiburgi \u00fclikoolis. Aastast 1953\u00a0elas ta USA-s, kus l\u00f5petas New Yorgis Columbia \u00fclikooli. Aastast 1961\u00a0oli ta Yale\u2019i \u00fclikooli slaavi ja Ida-Euroopa osakonnas teadur. Tegutses innukalt eesti kultuuri, eesk\u00e4tt luule ja kunsti tutvustamisel. Korraldas Yale\u2019i \u00fclikoolis loengusarja Eesti luuletajate tutvustamiseks (\u00f5ppeaastal 1968\/1969).<\/p>\n\n\n\n<p>Aleksis Rannit kirjutas luuletusi algul vene keeles, hiljem eesti keeles. Tema luule keskendub eranditult esteetilistele teemadele. Teda inspireerivad teiste autorite luuletused, samuti kunst ja muusika. Tema l\u00fc\u00fcrika on intellektuaalne, eesk\u00e4tt vormit\u00e4iust ja iluk\u00f5la taotlev. Isiklikele tunnetele on selles j\u00e4etud v\u00e4he ruumi. Tema looming on teeninud imetlust ja tunnustust, n\u00e4iteks kriitik Ants Oraselt, kes seadis ta v\u00f5rdsena luuler\u00fchmituse Arbujad autorite k\u00f5rvale. Teisalt on Ranniti luule p\u00e4lvinud ka v\u00f5\u00f5ristust ning etteheiteid m\u00f5ttet\u00fchjuse ja tundek\u00fclmuse eest.<\/p>\n\n\n\n<p>Sai 1973. aastal <a href=\"https:\/\/ewod.ut.ee\/et\/v\/henrik-visnapuu\/\" data-type=\"page\" data-id=\"6849\">Henrik Visnapuu<\/a> auhinna.<\/p>\n\n\n\n<p><em>L. P.<\/em><\/p>\n\n\n\n<h4 class=\"wp-block-heading\"><br>Raamatud eesti keeles<\/h4>\n\n\n\n<p><em><strong>Luule<\/strong><\/em><br><strong>Akna raamistuses<\/strong>: esimesi v\u00e4rsse \/ Aleksei Rannit. Kaunas: Sakalas, 1937. 87 lk.<br><strong>K\u00e4esurve<\/strong>: teine kogu luuletusi. L\u00fcbeck: Korff&amp;Neumann, 1945. 52 lk.<br><strong>Suletud avarust<\/strong>: kolmas kogu luuletusi. Lund: Eesti Kirjanike Kooperatiiv, 1956. 93 lk.<br><strong>Kuiv hiilgus<\/strong>: neljas kogu luuletusi. Lund: Eesti Kirjanike Kooperatiiv, 1963. 61 lk.<br><strong>Kaljud<\/strong>. Lund: Eesti Kirjanike Kooperatiiv, 1969. 57 lk.<br><strong>S\u00f5rmus<\/strong>: kuues kogu luuletusi. Lund: Eesti Kirjanike Kooperatiiv, 1972. 43 lk.<br><strong>Helikeeli<\/strong>: seitsmes v\u00e4rsivihk. Lund: Eesti Kirjanike Kooperatiiv, 1982.\u00a091 lk.<br><strong>Valimik luuletisi 1932\u20131982<\/strong>. New York: Eesti Teaduslik \u00dching Ameerika \u00dchendriikides, 1985. 181 lk.<\/p>\n\n\n\n<p><em><strong>Kriitika<\/strong><\/em><br><strong>Aleksander Aspeli esteetika ja humanism: avec une traduction en fran\u00e7ais: L\u2019humanisme et l\u2019esth\u00e9tique d Alexandre Aspel et une bibliographie sommaisre<\/strong>: disvours prononc\u00e9 \u00e0 la Societ\u00e9 Savante Estonienne, New York, Estonian House, 17 juin 1958. Visby: Gotl\u00e4nningens Civiltr, 1959. 45 lk.<\/p>\n","protected":false},"excerpt":{"rendered":"<p>Aleksis Rannit (s\u00fcnninimi\u00a0Aleksei Dolgo\u0161ev, 14. X 1914 \u2013 5. I 1985) oli kirjanik ja kunstiteadlane. Ta s\u00fcndis Kallaste linnas\u00a0ehitusinseneri ja matemaatika\u00f5petaja perekonnas. \u00d5ppis aastatel 1940\u20131944 Kaunase ja Vilniuse \u00dclikoolis\u00a0kunstiajalugu, esteetikat, vene kirjandust ja raamatukogundust. \u00d5pingute ajal t\u00f6\u00f6tas Leedu Riiklikus Raamatukogus &#8230;<\/p>\n","protected":false},"author":43,"featured_media":0,"parent":6503,"menu_order":0,"comment_status":"closed","ping_status":"closed","template":"","meta":{"_acf_changed":false,"inline_featured_image":false,"footnotes":""},"class_list":["post-9515","page","type-page","status-publish","hentry"],"acf":[],"_links":{"self":[{"href":"https:\/\/ewod.ut.ee\/et\/wp-json\/wp\/v2\/pages\/9515","targetHints":{"allow":["GET"]}}],"collection":[{"href":"https:\/\/ewod.ut.ee\/et\/wp-json\/wp\/v2\/pages"}],"about":[{"href":"https:\/\/ewod.ut.ee\/et\/wp-json\/wp\/v2\/types\/page"}],"author":[{"embeddable":true,"href":"https:\/\/ewod.ut.ee\/et\/wp-json\/wp\/v2\/users\/43"}],"replies":[{"embeddable":true,"href":"https:\/\/ewod.ut.ee\/et\/wp-json\/wp\/v2\/comments?post=9515"}],"version-history":[{"count":2,"href":"https:\/\/ewod.ut.ee\/et\/wp-json\/wp\/v2\/pages\/9515\/revisions"}],"predecessor-version":[{"id":9518,"href":"https:\/\/ewod.ut.ee\/et\/wp-json\/wp\/v2\/pages\/9515\/revisions\/9518"}],"up":[{"embeddable":true,"href":"https:\/\/ewod.ut.ee\/et\/wp-json\/wp\/v2\/pages\/6503"}],"wp:attachment":[{"href":"https:\/\/ewod.ut.ee\/et\/wp-json\/wp\/v2\/media?parent=9515"}],"curies":[{"name":"wp","href":"https:\/\/api.w.org\/{rel}","templated":true}]}}