{"id":9522,"date":"2024-04-03T23:41:40","date_gmt":"2024-04-03T20:41:40","guid":{"rendered":"https:\/\/sisu.ut.ee\/ewod\/?page_id=9522"},"modified":"2026-05-13T14:31:51","modified_gmt":"2026-05-13T11:31:51","slug":"vaike-rannet","status":"publish","type":"page","link":"https:\/\/ewod.ut.ee\/et\/r\/vaike-rannet\/","title":{"rendered":"Vaike Rannet"},"content":{"rendered":"<figure class=\"wp-block-image alignright size-large is-resized\"><a href=\"https:\/\/sisu.ut.ee\/wp-content\/uploads\/sites\/108\/v._rannet_kalju_suur-scaled.jpg\"><img loading=\"lazy\" decoding=\"async\" width=\"702\" height=\"1024\" src=\"https:\/\/sisu.ut.ee\/wp-content\/uploads\/sites\/108\/v._rannet_kalju_suur-702x1024.jpg\" alt=\"\" class=\"wp-image-6197\" style=\"aspect-ratio:0.6855401430881873;width:229px;height:auto\" title=\"Foto: Kalju Suur\" srcset=\"https:\/\/sisu.ut.ee\/wp-content\/uploads\/sites\/108\/v._rannet_kalju_suur-702x1024.jpg 702w, https:\/\/sisu.ut.ee\/wp-content\/uploads\/sites\/108\/v._rannet_kalju_suur-206x300.jpg 206w, https:\/\/sisu.ut.ee\/wp-content\/uploads\/sites\/108\/v._rannet_kalju_suur-768x1120.jpg 768w, https:\/\/sisu.ut.ee\/wp-content\/uploads\/sites\/108\/v._rannet_kalju_suur-1053x1536.jpg 1053w, https:\/\/sisu.ut.ee\/wp-content\/uploads\/sites\/108\/v._rannet_kalju_suur-1404x2048.jpg 1404w, https:\/\/sisu.ut.ee\/wp-content\/uploads\/sites\/108\/v._rannet_kalju_suur-1920x2801.jpg 1920w, https:\/\/sisu.ut.ee\/wp-content\/uploads\/sites\/108\/v._rannet_kalju_suur-scaled.jpg 1755w\" sizes=\"auto, (max-width: 702px) 100vw, 702px\"><\/a><\/figure>\n\n\n\n<p>Vaike Rannet\u00a0(1945. aastani\u00a0Vaike Trummel, 19. X\u00a01925\u00a0\u2013\u00a023. I\u00a01999) oli prosaist.<\/p>\n\n\n\n<p>Ta s\u00fcndis Tallinnas, \u00f5ppis aastatel 1932\u20131939 Tallinna 9. algkoolis, seej\u00e4rel 1939\u20131942 Tallinna Kommertskoolis. Aastatel 1942\u20131944 oli ta telefonist Tallinna Kaugejaamas ning 1944\u20131946 t\u00f6\u00f6tas sekret\u00e4rina T\u00f6\u00f6j\u00f5ureservide Peavalitsuses.<\/p>\n\n\n\n<p>1945. aastal abiellus ta n\u00e4ite- ja proosakirjaniku Egon Rannetiga, kelle erasekret\u00e4ri, isikliku toimetajana ja hooldajana ta tegutses kuni abikaasa surmani 1983. aastal.<\/p>\n\n\n\n<p>Vaike Rannet oli teinud kirjanduslikke katsetusi juba varem, kuid alles p\u00e4rast Egon Ranneti surma teostas ta ennast kirjanikuna. Ta kirjutas l\u00f5puni Egon Ranneti suurromaani \u201eKivid ja leib\u201c II osa, mis ilmus nii Egon Ranneti kui ka Vaike Ranneti autorinimega 1985. aastal. J\u00e4rg oli menukas.<\/p>\n\n\n\n<p>Egon Ranneti ja omaenda nime all kirjutas Vaike Rannet ka romaani \u201eKivid ja leib\u201c III osa (ilmus 1992. aastal) ja IV osa (1996). Needki k\u00f6ited p\u00e4lvisid laia lugejaskonna huvi ja t\u00e4helepanu.<\/p>\n\n\n\n<p>Vaike Ranneti kirjutatud osad j\u00e4rgivad \u00fcldjoontes Egon Ranneti n\u00e4idendi \u201eS\u00fcdamevalu\u201c s\u00fc\u017eeeliini, kuid laiendavad ja t\u00e4iendavad seda. Nendest osadest on kadunud epop\u00f6a algusele omane n\u00f5ukogulik ideoloogia. Romaani fookus koondub melodramaatiliselt kujutatud kesksele armastuskolmnurgale.<\/p>\n\n\n\n<p><em>L. P.<\/em><\/p>\n\n\n\n<h4 class=\"wp-block-heading\"><br>Raamatud eesti keeles<\/h4>\n\n\n\n<p><em><strong>Romaanid<\/strong><\/em><br>Egon Rannet, Vaike Rannet, <strong>Kivid ja leib. 2<\/strong>. Tallinn: Eesti Raamat, 1985. 654 lk.<br>Egon Rannet, Vaike Rannet, <strong>Kivid ja leib. 3<\/strong>. Tallinn: Eesti Raamat, 1992. 797 lk.<br>Egon Rannet, Vaike Rannet <strong>Kivid ja leib. 4<\/strong>. Tallinn: Eesti Raamat, 1996. 870 lk.<\/p>\n","protected":false},"excerpt":{"rendered":"<p>Vaike Rannet\u00a0(1945. aastani\u00a0Vaike Trummel, 19. X\u00a01925\u00a0\u2013\u00a023. I\u00a01999) oli prosaist. Ta s\u00fcndis Tallinnas, \u00f5ppis aastatel 1932\u20131939 Tallinna 9. algkoolis, seej\u00e4rel 1939\u20131942 Tallinna Kommertskoolis. Aastatel 1942\u20131944 oli ta telefonist Tallinna Kaugejaamas ning 1944\u20131946 t\u00f6\u00f6tas sekret\u00e4rina T\u00f6\u00f6j\u00f5ureservide Peavalitsuses. 1945. aastal abiellus ta n\u00e4ite- &#8230;<\/p>\n","protected":false},"author":43,"featured_media":0,"parent":6503,"menu_order":0,"comment_status":"closed","ping_status":"closed","template":"","meta":{"_acf_changed":false,"inline_featured_image":false,"footnotes":""},"class_list":["post-9522","page","type-page","status-publish","hentry"],"acf":[],"_links":{"self":[{"href":"https:\/\/ewod.ut.ee\/et\/wp-json\/wp\/v2\/pages\/9522","targetHints":{"allow":["GET"]}}],"collection":[{"href":"https:\/\/ewod.ut.ee\/et\/wp-json\/wp\/v2\/pages"}],"about":[{"href":"https:\/\/ewod.ut.ee\/et\/wp-json\/wp\/v2\/types\/page"}],"author":[{"embeddable":true,"href":"https:\/\/ewod.ut.ee\/et\/wp-json\/wp\/v2\/users\/43"}],"replies":[{"embeddable":true,"href":"https:\/\/ewod.ut.ee\/et\/wp-json\/wp\/v2\/comments?post=9522"}],"version-history":[{"count":2,"href":"https:\/\/ewod.ut.ee\/et\/wp-json\/wp\/v2\/pages\/9522\/revisions"}],"predecessor-version":[{"id":9525,"href":"https:\/\/ewod.ut.ee\/et\/wp-json\/wp\/v2\/pages\/9522\/revisions\/9525"}],"up":[{"embeddable":true,"href":"https:\/\/ewod.ut.ee\/et\/wp-json\/wp\/v2\/pages\/6503"}],"wp:attachment":[{"href":"https:\/\/ewod.ut.ee\/et\/wp-json\/wp\/v2\/media?parent=9522"}],"curies":[{"name":"wp","href":"https:\/\/api.w.org\/{rel}","templated":true}]}}