{"id":9535,"date":"2024-04-03T23:42:17","date_gmt":"2024-04-03T20:42:17","guid":{"rendered":"https:\/\/sisu.ut.ee\/ewod\/?page_id=9535"},"modified":"2026-05-13T14:58:54","modified_gmt":"2026-05-13T11:58:54","slug":"jaan-rannap","status":"publish","type":"page","link":"https:\/\/ewod.ut.ee\/et\/r\/jaan-rannap\/","title":{"rendered":"Jaan Rannap"},"content":{"rendered":"<figure class=\"wp-block-image alignright size-large is-resized\"><a href=\"https:\/\/sisu.ut.ee\/wp-content\/uploads\/sites\/108\/jaan_rannap_viktor_salmre-scaled.jpg\"><img loading=\"lazy\" decoding=\"async\" width=\"662\" height=\"1024\" src=\"https:\/\/sisu.ut.ee\/wp-content\/uploads\/sites\/108\/jaan_rannap_viktor_salmre-662x1024.jpg\" alt=\"\" class=\"wp-image-6275\" style=\"aspect-ratio:0.646493698093809;width:293px;height:auto\" title=\"Foto: Viktor Salmre\" srcset=\"https:\/\/sisu.ut.ee\/wp-content\/uploads\/sites\/108\/jaan_rannap_viktor_salmre-662x1024.jpg 662w, https:\/\/sisu.ut.ee\/wp-content\/uploads\/sites\/108\/jaan_rannap_viktor_salmre-194x300.jpg 194w, https:\/\/sisu.ut.ee\/wp-content\/uploads\/sites\/108\/jaan_rannap_viktor_salmre-768x1188.jpg 768w, https:\/\/sisu.ut.ee\/wp-content\/uploads\/sites\/108\/jaan_rannap_viktor_salmre-993x1536.jpg 993w, https:\/\/sisu.ut.ee\/wp-content\/uploads\/sites\/108\/jaan_rannap_viktor_salmre-1324x2048.jpg 1324w, https:\/\/sisu.ut.ee\/wp-content\/uploads\/sites\/108\/jaan_rannap_viktor_salmre-1920x2969.jpg 1920w, https:\/\/sisu.ut.ee\/wp-content\/uploads\/sites\/108\/jaan_rannap_viktor_salmre-scaled.jpg 1656w\" sizes=\"auto, (max-width: 662px) 100vw, 662px\"><\/a><\/figure>\n\n\n\n<p>Jaan Rannap (kuni 1936 Jaan Reinbach, 3 IX 1931 \u2013 1 XI 2023) oli produktiivne lastekirjanik ja -ajakirjanik, kes on kirjutanud hea loodustunnetusega loomajutte ning kooliolusid kajastavaid jutustusi.<\/p>\n\n\n\n<p> Rannap s\u00fcndis Hallistes Pornuse vallas P\u00e4rnumaal. 1950 l\u00f5petas ta Abja keskkooli, 1952 Tallinna \u00d5petajate Instituudi. Aastatel 1952\u20131956 \u00f5ppis ta Tallinna Pedagoogilise Instituudis, omandades matemaatika- ja f\u00fc\u00fcsika\u00ad\u00f5petaja eriala. Alates 1952. aastast t\u00f6\u00f6tas lastelehe S\u00e4de toimetuses, 1955\u20131977 noorteajakirja Pioneer toimetuses, 1977-2004 oli ta lasteajakirja T\u00e4heke vanemtoimetaja. Andeka kergej\u00f5ustiklasena v\u00f5istles ta pikka aega Eesti noorte- ja t\u00e4iskasvanute koondises. Eesti Kirjanike Liitu kuulus ta alates 1966. aastast. Rannap sai mitmeid kirjandusauhindu, sh 1971 omistati talle <a href=\"https:\/\/ewod.ut.ee\/et\/s\/juhan-smuul\/\" data-type=\"page\" data-id=\"8804\">Juhan Smuuli<\/a> nimeline kirjanduse aastapreemia, 2020 p\u00e4lvis Eesti Kultuurkapitali kirjanduse sihtkapitali elut\u00f6\u00f6preemia. Ta on t\u00f5lkinud lasteraamatuid vene keelest, tema enda teoseid on t\u00f5lgitud rohkem kui 20 keelde.<\/p>\n\n\n\n<p>Rannap on pakkunud lugemisvara mitmele p\u00f5lvkonnale. Kirjanduslukku ja laste s\u00fcdamesse on ta end kirjutanud nii humoorikate jutustustega koolielust kui ka haaravate loomalugude, spordi- ja seiklusjuttudega. Juba tema esikkogu \u201eRoheline pall\u201c (1962) juttudest paistab silma oskus luua tugevaid poisskaraktereid, kes v\u00e4\u00e4rtustavad enese\u00fcletamist ja tahtej\u00f5udu. Raamatud \u201eSalu Juhan ja ta s\u00f5brad\u201c (1964), \u201eMusta lamba matused\u201c (1968) ja \u201eAgu Sihvka annab aru\u201c (1973) moodustavad humoorikate koolilugude sarja, mille tegelasteks on pioneeriealised poisid (pioneeriorganisatsiooni kuulusid praktiliselt k\u00f5ik NSVLi lapsed vanuses umbes 9-14), kelle uudishimu ja ettev\u00f5tlikkus viivad neid keerukatesse olukordadesse ja koomilistesse \u00e4pardustesse. Kasutades vahedat satiiri, n\u00e4eb Rannap n\u00f5ukogudeaegset kooli autoritaarse asutusena, kus valitseb m\u00f5ttetu formaalsus, liigne reglementeeritus ja silmakirjalik kasvatust\u00f6\u00f6. Pedagoogiline b\u00fcrokraatia, grotesksed situatsioonid ja kantseliitlik seletuskirja vorm loovad Agu Sihvka lugudele kooli- ja v\u00f5imukriitilise allteksti, mis naerutab ka t\u00e4iskasvanud lugejaid.<\/p>\n\n\n\n<p>Kahes pikemas teostes \u201eViimane Valgesulg\u201c (1967) ja \u201eJefreitor J\u00f5mm\u201c (1971) on pingestatult kujutatud inimese ja looduse suhteid: esimeses on vaatluse all vanemateta j\u00e4\u00e4nud kotkapoja elu, teises j\u00e4lgitakse loomaaeda vangistatud karu saatust. Loomalugusid on Rannap kirjutanud ka noorematele lastele: \u201eTopis\u201c (1970) jutustatakse loomaaiast p\u00f5genenud ahvipoja seiklustest, \u201eNublus\u201c (1972) aga vaprast tulet\u00f5rjekoerast. T\u00f5sine s\u00fcdamlik lugu inimese ja hobuse s\u00f5prusest avaneb teoses \u201eAlfa + Romeo\u201c (1978). Eluliste ja asjatundlike loomajuttudega j\u00e4tkab Rannap mitmetes lasteraamatutes, nagu \u201eToonekurg Tooni\u201c (1986) \u201eKasulaps\u201c (1989), \u201eR\u00f6\u00f6vel Rinaldo\u201c (1995), \u201eK\u00f5verk\u00e4pp\u201c (1997) ja \u201eTupsik\u201c (1998). Parimaid loomamuinasjutu traditsioone esindavad l\u00fchilugudega \u201eJ\u00e4nese m\u00e4ngutoos\u201c (1999) ja \u201eJ\u00e4nesepoeg Juss ja karupoeg Kusti\u201c (2005). Seiklusraamat \u201eNelja nimega koer\u201c (2004, p\u00e4lvis Eesti Kultuurkapitali lastekirjanduse preemia) on mitmete tegevusliinide ja filmiliku \u00fclesehitusega p\u00f5nev lugu kloonitud koerast, keda \u00fcrgne instinkt kodumaale naasma sunnib.<\/p>\n\n\n\n<p>Mitmetes teostes, nagu \u201eKukepoks\u201c (1979) ja \u201eSpordilood\u201c (1996), on Rannap k\u00e4sitlenud sporditeemat, r\u00f5hutades visaduse ja t\u00f6\u00f6kuse t\u00e4htsust eesm\u00e4rkide saavutamisel. Aimekirjandusliku laadiga jutustus \u201eMaari suvi\u201c (1983) segab loodusteaduslikud teadmised seikluslik-muinasjutulise s\u00fcndmustikuga, mille kaudu selgitatakse lastele nii mesilastaru kui ka sipelgapesa elukorraldust. Realistlik p\u00f5nevusjutt\u201eRoheline kindlus\u201c (2006) kirjeldab kahe linnapoisi s\u00fcndmusterohket suve Kirbu talu metsaonnis, kus nad robinsonidena elluj\u00e4\u00e4misoskusi harjutavad. T\u00e4iendatud ja pikemaks kirjutatud versiooni eelmisest loost avaldas Rannap raamatus \u201eSoosaare h\u00f5beaare\u201c (2017). Kahe linnalapse suveseiklused maal vanaema juures on kaasakiskuval ja s\u00fcdamlikul viisil koondatud teosesse \u201eSuvelinnud\u201c (2012). Uuemal ajal kirjutas Rannap peamiselt v\u00e4ikelastele kireva tegelaskonna ja seiklusliku s\u00fcndmustikuga l\u00fchilugusid, kus tegelasteks on kas loomad (nt \u201eLips-laps, lehelind\u201c, 2008), lapsed (nt \u201eOi-oi, Jaana!\u201c, 2011) v\u00f5i m\u00f5lemad koos (nt \u201eProua Vaideri hiirekull\u201c, 2011).<\/p>\n\n\n\n<p>L\u00e4bi kogu oma loomingu on Rannap eesk\u00e4tt poiste hingeelu s\u00fcgav tundja ning looduse, peamiselt loomade k\u00e4itumise hoolas vaatleja ja elutruu kirjeldaja, kes on oma p\u00f5nevad lustlikud lood komponeerinud suure meisterlikkuse ja stiilitunnetusega.<\/p>\n\n\n\n<p><em>A. O.<\/em><\/p>\n\n\n\n<h4 class=\"wp-block-heading\"><br>Raamatud eesti keeles<\/h4>\n\n\n\n<p><strong><em>Lasteproosa<\/em><br>Roheline pall<\/strong>. Tallinn: Eesti Riiklik Kirjastus, 1962, 127 lk.<br><strong>Salu Juhan ja ta s\u00f5brad<\/strong>. Tallinn: Eesti Riiklik Kirjastus, 1964, 120 lk. [J\u00e4rgnevad tr\u00fckid: 1981, 1989, 2021.]<br><strong>Viimane Valgesulg<\/strong>. Tallinn: Eesti Raamat, 1967, 192 lk. [J\u00e4rgnevad tr\u00fckid: 1978, 2016, 2024.]<br><strong>Musta lamba matused<\/strong>. Tallinn: Eesti Raamat, 1968, 176 lk.<br><strong>Topi<\/strong>. Tallinn: Eesti Raamat 1970, 33 lk. [J\u00e4rgnevad tr\u00fckid: 1984, 2021.]<br><strong>Jefreitor J\u00f5mm<\/strong>. Tallinn: Eesti Raamat, 1971, 256 lk. [J\u00e4rgnevad tr\u00fckid: Tallinn: Eesti Raamat, 1978, 396 lk; Tallinn: Tulip, 2020, 191 lk.]<br><strong>Nublu<\/strong>. Tallinn: Eesti Raamat, 1972, 53 lk. [J\u00e4rgnevad tr\u00fckid: 1975, 1978, 1984, 2000, 2024, 2026.]<br><strong>Agu Sihvka annab aru<\/strong>. Tallinn: Eesti Raamat, 1973, 108 lk. [J\u00e4rgnevad tr\u00fckid: 1976, 1981, 1989, 2007, 2015, 2020, 2025.]<br><strong>Seitseteist tundi plahvatuseni<\/strong>. Tallinn: Eesti Raamat, 1975, 103 lk.<br><strong>Maja metsa \u00e4\u00e4res<\/strong>. Tallinn: Eesti Raamat, 1976, 71 lk.<br><strong>Alfa + Romeo<\/strong>. Tallinn: Eesti Raamat, 1978, 77 lk. [J\u00e4rgnevad tr\u00fckid: 1981, 1984.]<br><strong>Kukepoks<\/strong>. Tallinn: Eesti Raamat, 1979, 183 lk.<br><strong>Koolilood<\/strong>. Tallinn: Eesti Raamat, 1981, 421 lk. [Sisu: \u2018Salu Juhan ja ta s\u00f5brad\u2019, \u2018Pagunid\u2019, \u2018V\u00e4ike vana aurumasin\u2019, \u2018Agu Sihvka annab aru\u2019. 2 tr\u00fckk: Tallinn: Eesti Raamat, 1989, 509 lk.]<br><strong>Klaabu<\/strong>. Tallinn: Eesti Raamat 1983, 48 lk. [2. tr\u00fckk: Tallinn: Avita, 2015, 79 lk.]<br><strong>Maari suvi<\/strong>. Tallinn: Eesti Raamat, 1983, 144 lk. [J\u00e4rgnevad tr\u00fckid: 2015, 2022.]<br><strong>Toonekurg Tooni<\/strong>. Tallinn: Eesti Raamat, 1986, 47 lk.<br><strong>P\u00f5der, kes k\u00e4is varvastel<\/strong>. Tallinn: Eesti Raamat, 1987, 45 lk.<br><strong>Kasulaps<\/strong>. Tallinn: Eesti Raamat, 1989, 159 lk.<br><strong>Tuukerkoer Torru<\/strong>. Tallinn: Pikker, 1994, 61 lk. [2. tr\u00fckk: Tallinn: TEA Kirjastus, 2007, 167 lk.<br><strong>R\u00f6\u00f6vel Rinaldo<\/strong>. Tallinn: Monokkel, 1995, 23 lk.<br><strong>Spordilood<\/strong>. Tallinn: Olympia, 1996, 141 lk.<br><strong>K\u00f5verk\u00e4pp<\/strong>. Tallinn: J. Rannap, 1997, 142 lk. [2. tr\u00fckk: Tallinn: TEA Kirjastus, 2007, 167 lk.]<br><strong>Tupsik<\/strong>. Tallinn. J. Rannap, 1998, 50 lk. [2. tr\u00fckk: Tallinn: TEA Kirjastus, 2009, 53 lk.]<br><strong>J\u00e4nese m\u00e4ngutoos.<\/strong> Tallinn: Kupar, 1999, 58 lk. [2. tr\u00fckk: Tartu: Loovhoog, 2021, 60 lk.]<br><strong>L\u00fchikesed lood<\/strong>. Tallinn: Tiritamm, 2001, 59 lk.<br><strong>Nelja nimega koer<\/strong>. Tallinn: T\u00e4nap\u00e4ev, 2004, 156 lk. [2. tr\u00fckk: Tallinn: TEA Kirjastus, 2011, 115 lk.]<br><strong>J\u00e4nesepoeg Juss ja karupoeg Kusti<\/strong>. Tallinn: Tiritamm, 2005, 70 lk.<br><strong>Aptsihh! Aptsihh! Aptsihh!<\/strong> Tallinn: TEA Kirjastus, 2006, 110 lk.<br><strong>Roheline kindlus<\/strong>. Tallinn: Tiritamm, 2006, 191 lk.<br><strong>Kummaline lugu<\/strong>. Tallinn: TEA Kirjastus, 2007, 51 lk.<br><strong>Lips-laps, lehelind<\/strong>. Tallinn: TEA Kirjastus, 2008, 67 lk.<br><strong>Oi-oi, Jaana!<\/strong> Tallinn: TEA Kirjastus, 2011, 50 lk.<br><strong>Proua Vaideri hiirekull<\/strong>. Tallinn: TEA Kirjastus, 2011, 53 lk.<br><strong>Suvelinnud<\/strong>. Tallinn: TEA Kirjastus, 2012, 64 lk.<br><strong>Maal ja merel<\/strong>. Tartu: Pretone Print, 2016, 77 lk.<br><strong>Minu koerad<\/strong>. Tallinn: TEA Kirjastus, 2017, 30 lk.<br><strong>Soosaare h\u00f5beaare<\/strong>. Elva: Lambri Raamat, 2017, 184 lk.<br><strong>Sarviline selgeltn\u00e4gija<\/strong>. Tallinn: Tammerraamat, 2018, 102 lk.<br><strong>Metskits Lembi ja verevennad<\/strong>. Tallinn: Varrak, 2021, 109 lk.<br><strong>Kullakoti kamp<\/strong>. Tallinn: T\u00e4nap\u00e4ev, 2022, 128 lk.<\/p>\n","protected":false},"excerpt":{"rendered":"<p>Jaan Rannap (kuni 1936 Jaan Reinbach, 3 IX 1931 \u2013 1 XI 2023) oli produktiivne lastekirjanik ja -ajakirjanik, kes on kirjutanud hea loodustunnetusega loomajutte ning kooliolusid kajastavaid jutustusi. Rannap s\u00fcndis Hallistes Pornuse vallas P\u00e4rnumaal. 1950 l\u00f5petas ta Abja keskkooli, 1952 &#8230;<\/p>\n","protected":false},"author":43,"featured_media":0,"parent":6503,"menu_order":0,"comment_status":"closed","ping_status":"closed","template":"","meta":{"_acf_changed":false,"inline_featured_image":false,"footnotes":""},"class_list":["post-9535","page","type-page","status-publish","hentry"],"acf":[],"_links":{"self":[{"href":"https:\/\/ewod.ut.ee\/et\/wp-json\/wp\/v2\/pages\/9535","targetHints":{"allow":["GET"]}}],"collection":[{"href":"https:\/\/ewod.ut.ee\/et\/wp-json\/wp\/v2\/pages"}],"about":[{"href":"https:\/\/ewod.ut.ee\/et\/wp-json\/wp\/v2\/types\/page"}],"author":[{"embeddable":true,"href":"https:\/\/ewod.ut.ee\/et\/wp-json\/wp\/v2\/users\/43"}],"replies":[{"embeddable":true,"href":"https:\/\/ewod.ut.ee\/et\/wp-json\/wp\/v2\/comments?post=9535"}],"version-history":[{"count":2,"href":"https:\/\/ewod.ut.ee\/et\/wp-json\/wp\/v2\/pages\/9535\/revisions"}],"predecessor-version":[{"id":9538,"href":"https:\/\/ewod.ut.ee\/et\/wp-json\/wp\/v2\/pages\/9535\/revisions\/9538"}],"up":[{"embeddable":true,"href":"https:\/\/ewod.ut.ee\/et\/wp-json\/wp\/v2\/pages\/6503"}],"wp:attachment":[{"href":"https:\/\/ewod.ut.ee\/et\/wp-json\/wp\/v2\/media?parent=9535"}],"curies":[{"name":"wp","href":"https:\/\/api.w.org\/{rel}","templated":true}]}}