{"id":9542,"date":"2024-04-03T23:41:42","date_gmt":"2024-04-03T20:41:42","guid":{"rendered":"https:\/\/sisu.ut.ee\/ewod\/?page_id=9542"},"modified":"2026-05-13T15:49:00","modified_gmt":"2026-05-13T12:49:00","slug":"silvia-rannamaa","status":"publish","type":"page","link":"https:\/\/ewod.ut.ee\/et\/r\/silvia-rannamaa\/","title":{"rendered":"Silvia Rannamaa"},"content":{"rendered":"<figure class=\"wp-block-image alignright size-large is-resized\"><a href=\"https:\/\/sisu.ut.ee\/wp-content\/uploads\/sites\/108\/silvia_rannamaa.jpg\"><img loading=\"lazy\" decoding=\"async\" width=\"668\" height=\"1024\" src=\"https:\/\/sisu.ut.ee\/wp-content\/uploads\/sites\/108\/silvia_rannamaa-668x1024.jpg\" alt=\"\" class=\"wp-image-6121\" style=\"aspect-ratio:0.652351211246794;width:206px;height:auto\" srcset=\"https:\/\/sisu.ut.ee\/wp-content\/uploads\/sites\/108\/silvia_rannamaa-668x1024.jpg 668w, https:\/\/sisu.ut.ee\/wp-content\/uploads\/sites\/108\/silvia_rannamaa-196x300.jpg 196w, https:\/\/sisu.ut.ee\/wp-content\/uploads\/sites\/108\/silvia_rannamaa-768x1178.jpg 768w, https:\/\/sisu.ut.ee\/wp-content\/uploads\/sites\/108\/silvia_rannamaa-1002x1536.jpg 1002w, https:\/\/sisu.ut.ee\/wp-content\/uploads\/sites\/108\/silvia_rannamaa.jpg 1024w\" sizes=\"auto, (max-width: 668px) 100vw, 668px\"><\/a><\/figure>\n\n\n\n<p>Silvia Rannamaa (3. III 1918 \u2013 19. IV 2007) oli eesti kirjanik, kes on tuntud eesk\u00e4tt oma teismelistele m\u00f5eldud romaanidega \u201eKadri\u201d ja \u201eKasuema\u201d.<\/p>\n\n\n\n<p>Aastani 1940 kandis ta soomlasest isalt, kes pidas laevat\u00fc\u00fcrimehe ametit, saadud perekonnanime Hypp\u00f6nen, seej\u00e4rel esimese, s\u00f5jas hukkunud abikaasa nime Kulgevee. Hiljem oli abielus kirjanik <a href=\"https:\/\/ewod.ut.ee\/et\/s\/harald-suislepp\/\" data-type=\"page\" data-id=\"7438\">Harald Suislepaga<\/a>. Eesti Vabariigiga \u00fchel aastal s\u00fcndinud Silvia Rannamaa \u00f5ppis aastatel 1932\u20131937 Tallinna T\u00fctarlaste Kommertsg\u00fcmnaasiumis ning aastatel 1943\u20131944 Tartu \u00dclikooli filosoofiateaduskonnas. Enne kirjanikuks saamist t\u00f6\u00f6tas ta telefonistina (1938\u20131943), raamatupidajana (1944\u20131949), Rakvere ajalehe Viru S\u00f5na korrektorina (1949\u20131950). Kirjanike Liidu liige oli ta aastast 1964.<\/p>\n\n\n\n<p>Tema esimene tr\u00fckis\u00f5nas ilmunud loometeos oli 1955. aastal ajalehes S\u00e4de ilmunud lastejutt. 1958. ja 1959. aastal v\u00f5itis ta novelliv\u00f5istlusel II auhinna novellidega \u201ePahema jala p\u00e4ev\u201c ja \u201e\u00dches kupees\u201c.<\/p>\n\n\n\n<p>Rannamaale tuntust toonud teosed \u2013, mis on t\u00e4nap\u00e4evani Eesti p\u00f5hikoolides kohustusliku\/soovitusliku kirjanduse nimekirjas ning noorte seas armastatud \u2013, on noorteromaanid \u201eKadri\u201c (1959) ja selle j\u00e4rg \u201eKasuema\u201c (1963): p\u00e4evikup\u00f5hine lugu \u00fche vanemateta kasvava ning internaatkoolis \u00f5ppiva t\u00fctarlapse kooliteest ja arenguaastatest. \u00dches intervjuus lastekirjanduse uurijale Ilona Martsonile on Rannamaa \u00f6elnud, et algt\u00f5ukeks sellele loole oli tema g\u00fcmnaasiumi kirjandus\u00f5petaja, kes r\u00e4\u00e4kis sellest, kuidas Anderseni \u201eInetu pardipoja\u201c lugu ellu kanda.<\/p>\n\n\n\n<p>1985. aastal valmis \u201eKasuema\u201c p\u00f5hjal film \u201eNaerata ometi\u201c (re\u017eiss\u00f6\u00f6r Leida Laius), mis kuulub samuti eesti filmiklassikasse. Lugu on j\u00f5udnud ka teatrilavale ning t\u00f5lgitud raamatuna paljudesse keeltesse, sh vene, l\u00e4ti, leedu, slovaki, t\u0161ehhi, armeenia ja gruusia keelde. Aastak\u00fcmnete jooksul on need teosed ilmunud ka eesti keeles nii eraldi kui koos ikka ja j\u00e4lle uustr\u00fckina. \u201eSajandi sada parimat algup\u00e4rast lasteraamatut\u201c k\u00fcsitluse j\u00e4rgi jagab Rannamaa teos esikohta Oskar Lutsu \u201eKevade\u201c, Aino Perviku \u201eKunksmoori\u201c ja <a href=\"https:\/\/ewod.ut.ee\/et\/r\/eno-raud\/\" data-type=\"page\" data-id=\"9501\">Eno Raua<\/a> \u201eNaksitrallidega\u201c.<\/p>\n\n\n\n<p>Rannamaa on kirjutanud ka lastele muinasjutukogu \u201eN\u00f6speri n\u00f6nni natuke\u201c (1977) ja loomajutukogu \u201eV\u00e4ikese k\u00e4pa j\u00e4lg\u201c (1985), samuti n\u00e4idendeid, novelle ja luuletusi ning elu l\u00f5puaastail kaks m\u00e4lestusteraamatut.<\/p>\n\n\n\n<p>Kuigi armastatud kirjanik, oli purunenud perekonnast p\u00e4rit Rannamaa olemuselt pigem tagasihoidlik, kes unistas enda s\u00f5nul suurest perekonnast, kuid sai vaid \u00fche t\u00fctre, kes vajas eluaegset hoolt. Vaimupuudega t\u00fctar Rea suri 61-aastaselt, 11 p\u00e4eva p\u00e4rast ema surma.<\/p>\n\n\n\n<p>2006. aastal p\u00e4lvis Silvia Rannamaa Valget\u00e4he IV klassi teenetem\u00e4rgi.<\/p>\n\n\n\n<p><em>M. K.<\/em><\/p>\n\n\n\n<h4 class=\"wp-block-heading\"><br>Raamatud eesti keeles<\/h4>\n\n\n\n<p><em><strong>Luule<\/strong><\/em><br><strong>Sinule, ema<\/strong>. Tallinn: Pegasus, 2006, 72 lk.<\/p>\n\n\n\n<p><em><strong>Laste- ja noortekirjandus<\/strong><\/em><br><strong>Kadri<\/strong>. Tallinn: Eesti Riiklik Kirjastus, 1959, 172 lk; [J\u00e4rgmised tr\u00fckid: Tallinn: Eesti Riiklik Kirjastus, 1962, 168 lk; Tallinn: Eesti Raamat, 1965, 160 lk; Kadri\/Kasuema. Tallinn: Eesti Raamat, 1970, 384 lk; Tallinn: Eesti Raamat, 1978, 375 lk; Tallinn: Eesti Raamat, 1984, 128 lk; Tallinn: Eesti Raamat, 1990, 384 lk; Tallinn: Steamark, 2002, 164 lk; Tallinn: TEA Kirjastus, 2010, 121 lk; Tallinn: TEA kirjastus, 2018, 128 lk; Tallinn: Rahva Raamat, 2022, 168 lk].<br><strong>Kasuema<\/strong>. Tallinn: Eesti Riiklik Kirjastus, 1963, 289 lk; [Eesti Raamat, 1965, 288 lk; Kadri\/Kasuema. Tallinn: Eesti Raamat, 1970, 384 lk; Tallinn: Eesti Raamat, 1990, 384 lk; Tallinn: Steamark, 2003, 342 lk; Tallinn: TEA kirjastus, 2010, 211 lk; Tallinn: TEA Kirjastus, 2018, 216 lk; Tallinn: Rahva Raamat, 2022, 360 lk].<br><strong>Kui lapsed m\u00f5tlema hakkavad<\/strong>. Tallinn: Eesti Raamat, 1971, 144 lk.<br><strong>N\u00f6speri N\u00f6nni Natuke<\/strong>. Tallinn: Eesti Raamat, 1977, 104 lk; [2. tr\u00fckk, Tallinn: Huma, 2001, 112 lk; 3. tr\u00fckk, Tallinn: Hea Lugu, 2017, 104 lk].<br><strong>V\u00e4ikese k\u00e4pa j\u00e4lg<\/strong>. Tallinn: Eesti Raamat, 1985, 96 lk.<\/p>\n\n\n\n<p><em><strong>M\u00e4lestused ja kirjavahetus<\/strong><\/em><br><strong>Maast madalast<\/strong>. Tallinn: Eesti Raamat, 1990, 160 lk.<br><strong>Ja vaimuvara ka<\/strong>. Tallinn: Eesti Raamat, 1998, 240 lk.<br>Silvia M\u00e4lksoo, Silvia Rannamaa. <strong>Kirjad kasuemale : Silvia M\u00e4lksoo ja Silvia Rannamaa kirjavahetus 1968-1999<\/strong>. Tallinn: Hea Lugu, 2024, 284 lk.<\/p>\n","protected":false},"excerpt":{"rendered":"<p>Silvia Rannamaa (3. III 1918 \u2013 19. IV 2007) oli eesti kirjanik, kes on tuntud eesk\u00e4tt oma teismelistele m\u00f5eldud romaanidega \u201eKadri\u201d ja \u201eKasuema\u201d. Aastani 1940 kandis ta soomlasest isalt, kes pidas laevat\u00fc\u00fcrimehe ametit, saadud perekonnanime Hypp\u00f6nen, seej\u00e4rel esimese, s\u00f5jas hukkunud &#8230;<\/p>\n","protected":false},"author":43,"featured_media":0,"parent":6503,"menu_order":0,"comment_status":"closed","ping_status":"closed","template":"","meta":{"_acf_changed":false,"inline_featured_image":false,"footnotes":""},"class_list":["post-9542","page","type-page","status-publish","hentry"],"acf":[],"_links":{"self":[{"href":"https:\/\/ewod.ut.ee\/et\/wp-json\/wp\/v2\/pages\/9542","targetHints":{"allow":["GET"]}}],"collection":[{"href":"https:\/\/ewod.ut.ee\/et\/wp-json\/wp\/v2\/pages"}],"about":[{"href":"https:\/\/ewod.ut.ee\/et\/wp-json\/wp\/v2\/types\/page"}],"author":[{"embeddable":true,"href":"https:\/\/ewod.ut.ee\/et\/wp-json\/wp\/v2\/users\/43"}],"replies":[{"embeddable":true,"href":"https:\/\/ewod.ut.ee\/et\/wp-json\/wp\/v2\/comments?post=9542"}],"version-history":[{"count":2,"href":"https:\/\/ewod.ut.ee\/et\/wp-json\/wp\/v2\/pages\/9542\/revisions"}],"predecessor-version":[{"id":9545,"href":"https:\/\/ewod.ut.ee\/et\/wp-json\/wp\/v2\/pages\/9542\/revisions\/9545"}],"up":[{"embeddable":true,"href":"https:\/\/ewod.ut.ee\/et\/wp-json\/wp\/v2\/pages\/6503"}],"wp:attachment":[{"href":"https:\/\/ewod.ut.ee\/et\/wp-json\/wp\/v2\/media?parent=9542"}],"curies":[{"name":"wp","href":"https:\/\/api.w.org\/{rel}","templated":true}]}}