{"id":9559,"date":"2024-04-03T23:39:45","date_gmt":"2024-04-03T20:39:45","guid":{"rendered":"https:\/\/sisu.ut.ee\/ewod\/?page_id=9559"},"modified":"2026-05-13T16:10:38","modified_gmt":"2026-05-13T13:10:38","slug":"helju-rammo","status":"publish","type":"page","link":"https:\/\/ewod.ut.ee\/et\/r\/helju-rammo\/","title":{"rendered":"Helju Rammo"},"content":{"rendered":"<figure class=\"wp-block-image alignright size-large is-resized\"><a href=\"https:\/\/sisu.ut.ee\/wp-content\/uploads\/sites\/108\/h._rammo_viktor_salmre-scaled.jpg\"><img loading=\"lazy\" decoding=\"async\" width=\"679\" height=\"1024\" src=\"https:\/\/sisu.ut.ee\/wp-content\/uploads\/sites\/108\/h._rammo_viktor_salmre-679x1024.jpg\" alt=\"\" class=\"wp-image-6232\" style=\"aspect-ratio:0.6630851631794281;width:286px;height:auto\" title=\"Foto: Viktor Salmre\" srcset=\"https:\/\/sisu.ut.ee\/wp-content\/uploads\/sites\/108\/h._rammo_viktor_salmre-679x1024.jpg 679w, https:\/\/sisu.ut.ee\/wp-content\/uploads\/sites\/108\/h._rammo_viktor_salmre-199x300.jpg 199w, https:\/\/sisu.ut.ee\/wp-content\/uploads\/sites\/108\/h._rammo_viktor_salmre-768x1158.jpg 768w, https:\/\/sisu.ut.ee\/wp-content\/uploads\/sites\/108\/h._rammo_viktor_salmre-1019x1536.jpg 1019w, https:\/\/sisu.ut.ee\/wp-content\/uploads\/sites\/108\/h._rammo_viktor_salmre-1358x2048.jpg 1358w, https:\/\/sisu.ut.ee\/wp-content\/uploads\/sites\/108\/h._rammo_viktor_salmre-1920x2895.jpg 1920w, https:\/\/sisu.ut.ee\/wp-content\/uploads\/sites\/108\/h._rammo_viktor_salmre-scaled.jpg 1698w\" sizes=\"auto, (max-width: 679px) 100vw, 679px\"><\/a><\/figure>\n\n\n\n<p>Helju Rammo (9. V 1926 \u2013 25. VII 1998) oli laste- ja n\u00e4itekirjanik.<\/p>\n\n\n\n<p>Ta s\u00fcndis Tallinnas lillem\u00fc\u00fcja t\u00fctrena, \u00f5ppis aastatel 1934\u20131941 Tallinna 14. algkoolis, aastatel 1941\u20131943 Tallinna 9. Keskkoolis ja aastatel 1947\u20131948 Tallinna 1. T\u00f6\u00f6lisnoorte Keskkoolis. Ta t\u00f6\u00f6tas aastatel 1950\u20131955 ajalehes Noorte H\u00e4\u00e4l ja aastatel 1960\u20131964 ajakirjades T\u00e4heke ja Pioneer. Alates 1964. aastast oli ta kutseline kirjanik Tallinnas. Tema abikaasa oli kirjanik <a href=\"https:\/\/ewod.ut.ee\/et\/r\/adolf-rammo\/\" data-type=\"page\" data-id=\"6914\">Adolf Rammo<\/a>. Helju Rammo oli alates 1978. aastast Kirjanike Liidu liige.<\/p>\n\n\n\n<p>Esimene Helju Rammo jutt ilmus ajakirjanduses 1947. aastal. Esikraamat \u201eSalgajuht Mare\u201c ilmus 1966. aastal. Raamatus kujutati tolleaegset kooli- ja pioneerielu l\u00e4bi huumoriprisma. Helju Rammo on avaldanud kolm l\u00fchijuttude kogu noortele: \u201e\u00dcks omamoodi poiss\u201c (1968), \u201ePassita t\u00e4ismees\u201c (1970) ja \u201eP\u00e4\u00e4ster\u00f5ngas iseendale\u201c (1983) ning lasteraamatud \u201eRiukaraamat\u201c (1976) ja \u201eKogel-mogel\u201c (1993). 1977. aastal ilmunud jutustus \u201eImekaru\u201c on seiklusjutu paroodia. Kirjanik p\u00fc\u00fcdis panna lugejaid huumori kaudu m\u00f5tlema ja arutlema.<\/p>\n\n\n\n<p>Helju Rammo on kirjutanud ka lasten\u00e4idendeid, mis on avaldatud kogumikes \u201e\u00dcks imelik pimesikum\u00e4ng\u201c (1975) ja \u201ePimesikum\u00e4ngust hambat\u00fclini\u201c (1985). Helju Rammo n\u00e4idendeid on lavastatud Eesti teatrites ja v\u00e4ljaspool Eestit. Rammo kirjutas ka kuuldem\u00e4nge ja n\u00e4idendeid t\u00e4iskasvanutele.<\/p>\n\n\n\n<p>Helju Rammo jutte on ilmunud vene, valgevene, saksa ja l\u00e4ti keeles.<\/p>\n\n\n\n<p><em>L. P.<\/em><\/p>\n\n\n\n<h4 class=\"wp-block-heading\"><br>Raamatud eesti keeles<\/h4>\n\n\n\n<p><strong><em>Lasteproosa<\/em><\/strong><br><strong>Salgajuht Mare<\/strong> [jutustus]. Tallinn: Eesti Raamat, 1966. 80 lk.<br><strong>\u00dcks omamoodi poiss<\/strong> [jutustused]. Tallinn: Eesti Raamat, 1968. 55 lk.<br><strong>Passita t\u00e4ismees<\/strong>. Tallinn: Eesti Raamat, 1970. 148 lk.<br><strong>Riukaraamat<\/strong>. Tallinn: Eesti Raamat, 1976. 80 lk.<br><strong>Imekaru<\/strong>: kriminull v\u00e4ikestele, mida v\u00f5ivad lugeda ka suured. Tallinn: Eesti Raamat, 1977. 65 lk.<br><strong>P\u00e4\u00e4ster\u00f5ngas iseendale<\/strong>: jutte ja n\u00e4idendeid keskmisele koolieale. Tallinn: Eesti Raamat, 1983. 129 lk.<br><strong>Pimesikum\u00e4ngust hambat\u00fclini<\/strong>: jutustused ja n\u00e4idendid keskmisele koolieale. Tallinn: Eesti Raamat, 1985. 207 lk.<br><strong>Kogelmogel<\/strong>: 21 juttu Kriste-Kajast. Tallinn: Oktoober, 1993. 44 lk.<br><strong>Pea on peaasi<\/strong>. Tallinn: Spin Press, 1998. 87 lk.<\/p>\n\n\n\n<p><strong><em>N\u00e4idendid<\/em><\/strong><br><strong>Tagurpidi<\/strong> [l\u00fchin\u00e4idend]. Tallinn: Ajalehtede-Ajakirjade Kirjastus, 1959. 16 lk.<br><strong>\u00dcks imelik pimesikum\u00e4ng<\/strong> [kolm n\u00e4idendit nooremale ja keskmisele koolieale]. Tallinn: Eesti Raamat, 1975. 180 lk.<br><strong>P\u00e4\u00e4ster\u00f5ngas iseendale<\/strong>: jutte ja n\u00e4idendeid keskmisele koolieale. Tallinn: Eesti Raamat, 1983. 129 lk.<br><strong>Pimesikum\u00e4ngust hambat\u00fclini<\/strong>: jutustused ja n\u00e4idendid keskmisele koolieale. Tallinn: Eesti Raamat, 1985. 207 lk.<\/p>\n","protected":false},"excerpt":{"rendered":"<p>Helju Rammo (9. V 1926 \u2013 25. VII 1998) oli laste- ja n\u00e4itekirjanik. Ta s\u00fcndis Tallinnas lillem\u00fc\u00fcja t\u00fctrena, \u00f5ppis aastatel 1934\u20131941 Tallinna 14. algkoolis, aastatel 1941\u20131943 Tallinna 9. Keskkoolis ja aastatel 1947\u20131948 Tallinna 1. T\u00f6\u00f6lisnoorte Keskkoolis. Ta t\u00f6\u00f6tas aastatel 1950\u20131955 &#8230;<\/p>\n","protected":false},"author":43,"featured_media":0,"parent":6503,"menu_order":0,"comment_status":"closed","ping_status":"closed","template":"","meta":{"_acf_changed":false,"inline_featured_image":false,"footnotes":""},"class_list":["post-9559","page","type-page","status-publish","hentry"],"acf":[],"_links":{"self":[{"href":"https:\/\/ewod.ut.ee\/et\/wp-json\/wp\/v2\/pages\/9559","targetHints":{"allow":["GET"]}}],"collection":[{"href":"https:\/\/ewod.ut.ee\/et\/wp-json\/wp\/v2\/pages"}],"about":[{"href":"https:\/\/ewod.ut.ee\/et\/wp-json\/wp\/v2\/types\/page"}],"author":[{"embeddable":true,"href":"https:\/\/ewod.ut.ee\/et\/wp-json\/wp\/v2\/users\/43"}],"replies":[{"embeddable":true,"href":"https:\/\/ewod.ut.ee\/et\/wp-json\/wp\/v2\/comments?post=9559"}],"version-history":[{"count":3,"href":"https:\/\/ewod.ut.ee\/et\/wp-json\/wp\/v2\/pages\/9559\/revisions"}],"predecessor-version":[{"id":9563,"href":"https:\/\/ewod.ut.ee\/et\/wp-json\/wp\/v2\/pages\/9559\/revisions\/9563"}],"up":[{"embeddable":true,"href":"https:\/\/ewod.ut.ee\/et\/wp-json\/wp\/v2\/pages\/6503"}],"wp:attachment":[{"href":"https:\/\/ewod.ut.ee\/et\/wp-json\/wp\/v2\/media?parent=9559"}],"curies":[{"name":"wp","href":"https:\/\/api.w.org\/{rel}","templated":true}]}}