{"id":9607,"date":"2024-04-03T23:41:15","date_gmt":"2024-04-03T20:41:15","guid":{"rendered":"https:\/\/sisu.ut.ee\/ewod\/?page_id=9607"},"modified":"2026-05-14T13:03:02","modified_gmt":"2026-05-14T10:03:02","slug":"juhani-puttsepp","status":"publish","type":"page","link":"https:\/\/ewod.ut.ee\/et\/p\/juhani-puttsepp\/","title":{"rendered":"Juhani P\u00fcttsepp"},"content":{"rendered":"<figure class=\"wp-block-image alignright size-large is-resized\"><a href=\"https:\/\/sisu.ut.ee\/wp-content\/uploads\/sites\/108\/juhani_puttsepp_alar_madisson-scaled.jpg\"><img loading=\"lazy\" decoding=\"async\" width=\"683\" height=\"1024\" src=\"https:\/\/sisu.ut.ee\/wp-content\/uploads\/sites\/108\/juhani_puttsepp_alar_madisson-683x1024.jpg\" alt=\"\" class=\"wp-image-6240\" style=\"aspect-ratio:0.6669960424023953;width:233px;height:auto\" title=\"Foto: Alar Madisson\" srcset=\"https:\/\/sisu.ut.ee\/wp-content\/uploads\/sites\/108\/juhani_puttsepp_alar_madisson-683x1024.jpg 683w, https:\/\/sisu.ut.ee\/wp-content\/uploads\/sites\/108\/juhani_puttsepp_alar_madisson-200x300.jpg 200w, https:\/\/sisu.ut.ee\/wp-content\/uploads\/sites\/108\/juhani_puttsepp_alar_madisson-768x1151.jpg 768w, https:\/\/sisu.ut.ee\/wp-content\/uploads\/sites\/108\/juhani_puttsepp_alar_madisson-1025x1536.jpg 1025w, https:\/\/sisu.ut.ee\/wp-content\/uploads\/sites\/108\/juhani_puttsepp_alar_madisson-1367x2048.jpg 1367w, https:\/\/sisu.ut.ee\/wp-content\/uploads\/sites\/108\/juhani_puttsepp_alar_madisson-1920x2877.jpg 1920w, https:\/\/sisu.ut.ee\/wp-content\/uploads\/sites\/108\/juhani_puttsepp_alar_madisson-scaled.jpg 1709w\" sizes=\"auto, (max-width: 683px) 100vw, 683px\"><\/a><\/figure>\n\n\n\n<p>Juhani P\u00fctsepp (s. 17. II 1964) on laste- ja looduskirjanik.<\/p>\n\n\n\n<p>S\u00fcndis ja \u00f5ppis Tartus, l\u00f5petanud Tartu Riikliku \u00dclikooli bioloogia eriala. T\u00f6\u00f6tanud Zooloogia ja Botaanika Instituudis, mitme ajakirjandusv\u00e4ljaande juures ning juhtinud Tartu Lasteteatrit. Eesti Maa\u00fclikooli loodusteaduste kooli eestvedaja.<\/p>\n\n\n\n<p>P\u00fcttsepa lastele kirjutatu keskmes on loodus, inimese ja looduse suhted, kohalik (p\u00e4rimuslik) aines ning p\u00f5lvkondade side. Tema teostes p\u00f5imub oskuslikult reaalsus muinasjutulisega, avades elavalt ja soojalt nii inim-, loom- kui nukktegelasi.<\/p>\n\n\n\n<p>Esimesed lastele m\u00f5eldud lood ilmusid 1990. aastatel, esimese lasteraamatu \u201eKunstnik Johannese kummalised lood\u201c (1994) aines on ammutatud perekondlikust taustast. Tartu Lasteteatri nukk Anni, kes tegi kaasa Rolling Estonia-nimelise reisiseltskonna \u00fcmbermaailmareisi, jutustab lugusid erinevatest maadest ja inimestest raamatus \u201eAnni r\u00e4nnuteel\u201c (2005). Anniga kohtub lugeja ka raamatus \u201eToad t\u00e4is nukkude juttu\u201c (2011), mille keskmes on \u00fche perekonna nukkude lood.<\/p>\n\n\n\n<p>Autori t\u00e4helepanekuid loodusest leiab n\u00e4iteks raamatust \u201e49 aastaaega\u201c (2003), looma- ja inimlastest jutustab \u201eV\u00e4ikese hundi lood\u201c (2009, P\u00f5lvepikuraamatu konkursi 1.-2. koht), \u201eMustad linnud\u201c (2016, \u201eHea lasteraamatu\u201d tiitel) pajatab erinevatest musta v\u00e4rvi lindudest. Kaasaja linnamaastiku lakkamatu ja lapse jaoks pelutav helide virr-varr on teemaks raamatus \u201eTsss\u2026 Kuula!\u201c (2013).<\/p>\n\n\n\n<p>Kaasahaaravate juhtumiste ja v\u00e4rvikate tegelastega raamatu \u201eGibraltari laevakoerte \u00fching\u201c (2015, lastejutuv\u00f5istluse \u201eMinu esimene raamat\u201c esimene koht, \u201eHea lasteraamatu\u201c tiitel, 2016. aastal kanti teos ka IBBY (The International Board on Books for Young People) aunimekirja) keskseks tegelaseks on rebasekarva koer, kes ei ole pandud r\u00e4\u00e4kima ega muul viisil inimese moodi k\u00e4ituma, nagu lastekirjanduses tavaliselt, vaid j\u00e4\u00e4b loomaks, avanedes kirjelduste kaudu. Teos pakub elava sissevaate nii linna- kui ka loomade hingeellu.<\/p>\n\n\n\n<p>\u201eOn kuu kui kuldne laev\u201c (2020, lastejutuv\u00f5istluse \u201eMinu esimene raamat\u201c kolmas koht, Aasta Rosina auhind, \u201eHea Lasteraamatu\u201d tiitel, Eesti Kultuurkapitali kirjanduse sihtkapitali aastaauhind, Virumaa kirjandusauhind, l\u00e4ti J\u0101nis Baltvilksi auhind) puudutab lastekirjanduses seni haruldast teemat \u2013 1944. aasta p\u00f5genemist \u00fcle tormise mere Rootsi. Traagilised ja rasked s\u00fcndmused on kirjutatud lapsep\u00e4raselt ja turvaliselt. Teose raamiks on elatanud naise tagasivaatav jutustus lapsep\u00f5lve \u00fcleelamistest.<\/p>\n\n\n\n<p>Auhindu on p\u00e4lvinud ka teised P\u00fcttsepa teosed. N\u00e4iteks 2002. aastal sai Eesti N\u00e4item\u00e4nguagentuuri laste- ja noorten\u00e4idendite v\u00f5istlusel teise-kolmanda preemia \u201eK\u00e4rt\u201c; 2017. aastal p\u00e4lvis Selge s\u00f5numi auhinna teos \u201eMina olen enda oma\u201c (2017).<\/p>\n\n\n\n<p><em>A. K.<\/em><\/p>\n\n\n\n<h4 class=\"wp-block-heading\"><br>Raamatud eesti keeles<\/h4>\n\n\n\n<p><em><strong>L\u00fchiproosa<\/strong><\/em><br><strong>49 aastaaega<\/strong>: miniatuurid. Tartu: J. P\u00fcttsepp, 2003, 77 lk<\/p>\n\n\n\n<p><em><strong>Lastekirjandus<\/strong><\/em><br><strong>Kunstnik Johannese kummalised lood. 1. Villased sokid<\/strong>: jutt v\u00e4ikelastele. Tartu, 1994, 15 lk.<br><strong>Kirsi\u00f5iedetsember<\/strong>: j\u00f5ulujutt \u00f5htuseks lugemiseks. Tartu, 1995, 21 lk.<br><strong>Musta habemega kapten<\/strong>: jutud. Tartu: Elmatar, 1998, 26 lk.<br><strong>Veskitont Niglas: jutt lastele, kes p\u00f5evad astmat ja nendele, kes hoiavad p\u00f6ialt, et lapsed terveks saaks<\/strong>. Tartu: Ilmamaa, 2001, 62 lk.<br><strong>Kunstnik Johannese \u00fcpris kummalised lood<\/strong>. Tartu: J. P\u00fcttsepp, 2004, 18 lk.<br><strong>Anni r\u00e4nnuteel<\/strong>: jutt. Turi: Saara Kirjastus, 2005, 47 lk.<br><strong>Lauajupi Madonna: jutustus s\u00f5prade leidmisest pudeliposti abil<\/strong>. Tartu: Hermes, 2009, 103 lk.<br><strong>V\u00e4ikese hundi lood<\/strong>. Tallinn: P\u00e4ike ja Pilv, 2009, 30 lk.<br><strong>Minu vanaema Kirjak<\/strong>: tarkuseteri Eesti Maa\u00fclikoolist. Tartu: Eesti Maa\u00fclikool, 2011, 18 lk.<br><strong>Toad t\u00e4is nukkude juttu<\/strong>. Tartu: J. P\u00fcttsepp, 2011, 128 lk.<br><strong>Vapram\u00e4e Vapu<\/strong>. N\u00f5o: Vapram\u00e4e-Vellavere-Vitipalu Sihtasutus, 2012, 36 lk.<br><strong>Tsss\u2026 Kuula!<\/strong>. Tallinn: P\u00e4ike ja Pilv, 2013, 32 lk.<br><strong>Juhani jutte<\/strong>. Tartu: J. P\u00fcttsepp, 2014, 119 lk.<br><strong>Liulood<\/strong>. Tabasalu: Dolce Press, 2014, 33 lk.<br><strong>Gibraltari laevakoerte \u00fching<\/strong>. Tallinn: T\u00e4nap\u00e4ev, 2015, 230 lk.<br><strong>Lugu v\u00e4ikesest tammepuust, vihast ja varesest<\/strong>. Tartu: T\u00e4htvere Avatud Naistekeskus, 2015, 48 lk.<br><strong>Doktor Haldja lood<\/strong>. Tartu: Postimees Grupp, 2016, 135 lk.<br><strong>Mustad linnud<\/strong>. Tartu: J. P\u00fcttsepp, 2016, 37 lk.<br><strong>Vanaema, kes muutus kutsikaks<\/strong>. Tabasalu: Dolce Press, 2016, 33 lk.<br><strong>Kodu t\u00e4is nukkude jutte<\/strong>. Tartu: J. P\u00fcttsepp, 2017, 123 lk.<br><strong>On kuu kui kuldne laev<\/strong>. Tallinn: T\u00e4nap\u00e4ev, 2020, 133 lk.<br><strong>Tsillok\u00f5s\u00f5 soe jutu<\/strong>. V\u00f5ro: V\u00f5ro Instituut, 2020, 29 lk.<br><strong>Ohoo, linnaloom!<\/strong>. Tallinn: T\u00e4nap\u00e4ev, 2022, 92 lk.<br><strong>Pauline unistuste mets = Paul\u012bnes sap\u0146u me\u017es<\/strong>. Peedu : Riia: [Juhani P\u00fcttsepp], 2022, 36 lk.<br><strong>Virumaa \u00fctlemisi<\/strong>. Purtse ; Peedu: Purtse J\u00f5e Arenduskeskus MT\u00dc, 2023, 78 lk.<br><strong>Leierkastilugu<\/strong>. Tallinn: Kirjastus Pegasus, 2024, 41 lk.<br><strong>On kuu kui kuldne laev<\/strong>. Tallinn: T\u00e4nap\u00e4ev, 2024, 133 lk.<br><strong>V\u00e4ikseid varje Emaj\u00f5e peeglis<\/strong>. Tartu: Ilmamaa, 2024, 79 lk. [Raamat on p\u00fchendatud Tartu linna alguse 800. aastap\u00e4evale.]<br><strong>Uksed kolksuvad Pargi p\u00f5igus : keskmisele ja vanemale koolieale ning ka nende vanematele<\/strong>. Tallinn: T\u00e4nap\u00e4ev, 2026, 143 lk.<\/p>\n\n\n\n<p><em><strong>Varia<\/strong><\/em><br><strong>Portreed Tallinna loomaaiast<\/strong>: ajakirjale \u201eLemmik\u201c kirjutatud lood. Tallinn: Eesti Ekspressi Kirjastus, 2008, 150 lk.<br><strong>Sammud omas Eestis<\/strong>: Looduses\u00f5bras 2005-2009 ilmunud artiklisarjade p\u00f5hjal. Tallinn: Loodusajakiri, 2012, 95 lk.<br><strong>Mina olen enda oma<\/strong>. Tallinn: Lastekaitse Liit, 2017, 40 lk.<br><strong>Eesti looduskaitse 100 aastat<\/strong>. Tallinn: Post Factum, 2018, 206 lk.<br><strong>Eesti rahvusmaastikud s\u00f5nas ja pildis<\/strong>. Tallinn: Eesti Looduskaitse Selts, 2018, 106 lk.<br><strong>Alam-Pedja lood<\/strong>. Elva: Mariekuld, 2019, 207 lk.<br><strong>Metsa-aabits<\/strong>. Tartu: Metsahoiu Sihtasutus, 2020, 71 lk.<br>Ingmar Muusikus, Juhani P\u00fcttsepp. <strong>N\u00f5idlik november : p\u00e4evikul\u00f5ike ja p\u00fcsivaatlusi<\/strong>. Tuuka-Peedu: MT\u00dc Mariekuld, 2021, 87 lk.<br><strong>82 Eesti paigakest<\/strong>. Peedu: Mariekuld MT\u00dc, 2024, 173 lk.<\/p>\n","protected":false},"excerpt":{"rendered":"<p>Juhani P\u00fctsepp (s. 17. II 1964) on laste- ja looduskirjanik. S\u00fcndis ja \u00f5ppis Tartus, l\u00f5petanud Tartu Riikliku \u00dclikooli bioloogia eriala. T\u00f6\u00f6tanud Zooloogia ja Botaanika Instituudis, mitme ajakirjandusv\u00e4ljaande juures ning juhtinud Tartu Lasteteatrit. Eesti Maa\u00fclikooli loodusteaduste kooli eestvedaja. P\u00fcttsepa lastele kirjutatu &#8230;<\/p>\n","protected":false},"author":43,"featured_media":0,"parent":6501,"menu_order":0,"comment_status":"closed","ping_status":"closed","template":"","meta":{"_acf_changed":false,"inline_featured_image":false,"footnotes":""},"class_list":["post-9607","page","type-page","status-publish","hentry"],"acf":[],"_links":{"self":[{"href":"https:\/\/ewod.ut.ee\/et\/wp-json\/wp\/v2\/pages\/9607","targetHints":{"allow":["GET"]}}],"collection":[{"href":"https:\/\/ewod.ut.ee\/et\/wp-json\/wp\/v2\/pages"}],"about":[{"href":"https:\/\/ewod.ut.ee\/et\/wp-json\/wp\/v2\/types\/page"}],"author":[{"embeddable":true,"href":"https:\/\/ewod.ut.ee\/et\/wp-json\/wp\/v2\/users\/43"}],"replies":[{"embeddable":true,"href":"https:\/\/ewod.ut.ee\/et\/wp-json\/wp\/v2\/comments?post=9607"}],"version-history":[{"count":2,"href":"https:\/\/ewod.ut.ee\/et\/wp-json\/wp\/v2\/pages\/9607\/revisions"}],"predecessor-version":[{"id":9610,"href":"https:\/\/ewod.ut.ee\/et\/wp-json\/wp\/v2\/pages\/9607\/revisions\/9610"}],"up":[{"embeddable":true,"href":"https:\/\/ewod.ut.ee\/et\/wp-json\/wp\/v2\/pages\/6501"}],"wp:attachment":[{"href":"https:\/\/ewod.ut.ee\/et\/wp-json\/wp\/v2\/media?parent=9607"}],"curies":[{"name":"wp","href":"https:\/\/api.w.org\/{rel}","templated":true}]}}