{"id":9617,"date":"2024-04-03T23:42:23","date_gmt":"2024-04-03T20:42:23","guid":{"rendered":"https:\/\/sisu.ut.ee\/ewod\/?page_id=9617"},"modified":"2026-05-14T13:15:30","modified_gmt":"2026-05-14T10:15:30","slug":"nikolai-pats","status":"publish","type":"page","link":"https:\/\/ewod.ut.ee\/et\/p\/nikolai-pats\/","title":{"rendered":"Nikolai P\u00e4ts"},"content":{"rendered":"<p>Nikolai P\u00e4ts (5. IX 1871 \u2013 29. XI 1940) oli \u00f5igeusu vaimulik, \u00fchiskonnategelane ja kirjamees.<\/p>\n\n\n\n<p>Ta s\u00fcndis Viljandis ehitusmeister Jakob P\u00e4tsi peres, \u00f5ppis Tahkuranna \u00f5igeusu kihelkonnakoolis, l\u00f5petas 1894. aastal Riia Vaimuliku Seminari ja omandas k\u00f6ster-kooli\u00f5petaja kutse. P\u00e4ts l\u00e4bis Riia vaimulikus seminaris t\u00e4ieliku kursuse humanitaar-, filoloogia-, teoloogia ja pedagoogikateadustes ning arstiteaduse algkursuse. P\u00e4rast seminari l\u00f5petamist I j\u00e4rgu diplomiga t\u00f6\u00f6tas ta k\u00fcmme aastat kihelkonnakooli \u00f5petajana Viljandimaal T\u00e4nnassilmas ja Paides. Aastatel 1904\u2013 1918 oli Nikolai P\u00e4ts preester R\u00e4pinas V\u00f5rumaal, olles samal ajal aktiivne hariduse- ja \u00fchiskonnategelane ning kohaliku elu edendaja. 1914. aastal valiti ta V\u00f5ru- ja Valgamaa praostiks. Aastatel 1917\u20131918 oli ta \u00f5petaja V\u00f5ru linna poeglaste g\u00fcmnaasiumis, V\u00f5ru maakonnavalitsuse liige ja haridusosakonna juhataja.<\/p>\n\n\n\n<p>Alates 1923. aastast oli ta usu\u00f5petaja Tallinna linna t\u00fctarlaste kommerts- ja kaubandusg\u00fcmnaasiumis ning 1924. aastast Tallinna linna poeglaste reaalg\u00fcmnaasiumis. 1936. aastast alates oli \u00fclempreester Nikolai P\u00e4ts Aleksander Nevski koguduse esivaimulik, samuti Eesti Apostelliku \u00d5igeusu Kiriku Sinodi esimees. Nikolai P\u00e4tsi vend Konstantin P\u00e4ts oli Eesti Vabariigi president.<\/p>\n\n\n\n<p>Riias \u00f5ppides avaldus P\u00e4tsi huvi kirjanduse vastu. Ta toimetas Riias eesti rahvusest seminaristide k\u00e4sikirjalist ajakirja \u201eNipitiri\u201c. Ta avaldas 1935. aastal luulekogu \u201eValgeil \u00f6il. L\u00fc\u00fcrika ja eepika I\u201c, mis h\u00f5lmab mitmeid t\u00f5lkeid vene luulest, sealhulgas Pu\u0161kini ja Lermontovi loomingust. Samuti on temalt ilmunud v\u00e4rssmuinasjutt lastele, kirjutisi ajakirjades ja usu\u00f5petuse \u00f5pikuid koolidele.<\/p>\n\n\n\n<p>Nikolai P\u00e4ts oli ajakirja Elut\u00f5de toimetaja ning aastatel 1920\u20131924 Riigiraamatukogu juhataja. Varjunime N. J. P. all ilmus temalt 1898. aastal Venemaal ajakirjas \u017divopisnoje Obozrenije eesti kirjandust tutvustav artikkel. Tegu on ulatusliku ja asjatundlikult kirjutatud eesti rahvaluule ja kirjanduse \u00fclevaatega, mis koosneb kolmest osast. Esimeses osas k\u00e4sitletakse rahvaluulet. Teine osa k\u00f5neleb eesti kirjanduse tekkimisest ja rahvusliku liikumise aja kirjandusest. Artikli kolmandas osas vaadeldakse eesti kirjandust alates 1880. aastatest. Mainitakse ajakirjanduse edenemist ja elavat t\u00f5lketegevust.<\/p>\n\n\n\n<p><em>L. P.<\/em><\/p>\n\n\n\n<h4 class=\"wp-block-heading\"><br>Raamatud eesti keeles<\/h4>\n\n\n\n<p><em><strong>Luule<\/strong><\/em><br><strong>Valgeil \u00f6il. L\u00fc\u00fcrika ja eepika<\/strong>. I. Tartu: Noor-Eesti, 1935, 189 lk.<\/p>\n","protected":false},"excerpt":{"rendered":"<p>Nikolai P\u00e4ts (5. IX 1871 \u2013 29. XI 1940) oli \u00f5igeusu vaimulik, \u00fchiskonnategelane ja kirjamees. Ta s\u00fcndis Viljandis ehitusmeister Jakob P\u00e4tsi peres, \u00f5ppis Tahkuranna \u00f5igeusu kihelkonnakoolis, l\u00f5petas 1894. aastal Riia Vaimuliku Seminari ja omandas k\u00f6ster-kooli\u00f5petaja kutse. P\u00e4ts l\u00e4bis Riia vaimulikus &#8230;<\/p>\n","protected":false},"author":43,"featured_media":0,"parent":6501,"menu_order":0,"comment_status":"closed","ping_status":"closed","template":"","meta":{"_acf_changed":false,"inline_featured_image":false,"footnotes":""},"class_list":["post-9617","page","type-page","status-publish","hentry"],"acf":[],"_links":{"self":[{"href":"https:\/\/ewod.ut.ee\/et\/wp-json\/wp\/v2\/pages\/9617","targetHints":{"allow":["GET"]}}],"collection":[{"href":"https:\/\/ewod.ut.ee\/et\/wp-json\/wp\/v2\/pages"}],"about":[{"href":"https:\/\/ewod.ut.ee\/et\/wp-json\/wp\/v2\/types\/page"}],"author":[{"embeddable":true,"href":"https:\/\/ewod.ut.ee\/et\/wp-json\/wp\/v2\/users\/43"}],"replies":[{"embeddable":true,"href":"https:\/\/ewod.ut.ee\/et\/wp-json\/wp\/v2\/comments?post=9617"}],"version-history":[{"count":2,"href":"https:\/\/ewod.ut.ee\/et\/wp-json\/wp\/v2\/pages\/9617\/revisions"}],"predecessor-version":[{"id":9619,"href":"https:\/\/ewod.ut.ee\/et\/wp-json\/wp\/v2\/pages\/9617\/revisions\/9619"}],"up":[{"embeddable":true,"href":"https:\/\/ewod.ut.ee\/et\/wp-json\/wp\/v2\/pages\/6501"}],"wp:attachment":[{"href":"https:\/\/ewod.ut.ee\/et\/wp-json\/wp\/v2\/media?parent=9617"}],"curies":[{"name":"wp","href":"https:\/\/api.w.org\/{rel}","templated":true}]}}