{"id":9635,"date":"2024-04-03T23:41:40","date_gmt":"2024-04-03T20:41:40","guid":{"rendered":"https:\/\/sisu.ut.ee\/ewod\/?page_id=9635"},"modified":"2026-05-14T13:58:04","modified_gmt":"2026-05-14T10:58:04","slug":"marge-parnits","status":"publish","type":"page","link":"https:\/\/ewod.ut.ee\/et\/p\/marge-parnits\/","title":{"rendered":"Marge P\u00e4rnits"},"content":{"rendered":"<p>Marge P\u00e4rnits (s\u00fcnd. 16. XII 1976) on luuletaja ja lastekirjanik.<\/p>\n\n\n\n<p>P\u00e4rnits on s\u00fcndinud Tartus. Ta on l\u00f5petanud 1994. aastal Tartu 8. Keskkooli, \u00f5ppinud Tartu Kunstikoolis tekstiilikunsti erialal ja l\u00f5petanud 2003. aastal Tartu K\u00f5rgema Kunstikooli arvutigraafika erialal. Aastatel 2015\u20132017 \u00f5ppis ta Tartu \u00dclikooli magistri\u00f5ppes kultuurikorraldust ja omandas magistrikraadi uurimusega \u201eM\u00e4nguasja- ja lastemuuseumid kui laste kultuurip\u00e4randi v\u00e4\u00e4rtustajad\u201c. 2003. aastast alates t\u00f6\u00f6tab P\u00e4rnits Tartu M\u00e4nguasjamuuseumis. Ta on 2020. aastast alates Eesti Kirjanike Liidu liige.<\/p>\n\n\n\n<p>Marge P\u00e4rnits deb\u00fcteeris lasteraamatuga \u201eN\u00e4ssu\u201c 2014. aastal. M\u00e4ngukarust N\u00e4ssust ja p\u00e4riskoerast Mustikast on ta kirjutanud veel mitu raamatut.<\/p>\n\n\n\n<p><a><\/a> 2015. aastal avaldati Marge P\u00e4rnitsa esimene luulekogu \u201eVarastatud kevad\u201c. J\u00e4rgnevates raamatutes \u201eSinine v\u00e4rv on otsas\u201c (2019) ja \u201eS\u00fcda me rahu\u201c (2021) ja \u201eL\u00e4bip(a)istev\u201d (2025) j\u00e4tkub varasemate luulekogude p\u00e4evikulaadne maailma kirjeldav liin. P\u00e4rnitsa luuletused on valdavalt vabav\u00e4rsis. Esineb ka neljarealiste riimitud stroofidega luuletusi ja proosaluulet. Marge P\u00e4rnitsa luule p\u00f5hiteemaks on v\u00e4ikesed imed ja r\u00f5\u00f5mud argielus keset aastaaegade ringk\u00e4ike. Autori kunstiliste elamuste keskpunkt on Tartu linn ja eelk\u00f5ige tema p\u00f5liseks elukohaks olev Karlova linnaosa.<\/p>\n\n\n\n<p>2023. aastal etendati Teatribussi lavastusena P\u00e4rnitsa lasten\u00e4idendit \u201eProfessor Peni\u201c.<\/p>\n\n\n\n<p>Marge P\u00e4rnits on t\u00f5lkinud inglise keelest luuletusi, lasteraamatuid ja teoseid mitmetest eluvaldkondadest.<\/p>\n\n\n\n<p><em>L. P.<\/em><\/p>\n\n\n\n<h4 class=\"wp-block-heading\"><br>Raamatud eesti keeles<\/h4>\n\n\n\n<p><strong><em>Luule<\/em><\/strong><br><strong>Varastatud kevad<\/strong>. Tallinn: Tammerraamat, 2015. 91 lk.<br><strong>\u00d5nneks oled mul sina<\/strong>. Tallinn: Tammerraamat, 2017. 95 lk.<br><strong>Sinine v\u00e4rv on otsas<\/strong>. Tartu: Ma\u0142gosia, 2019. 83 lk.<br><strong>S\u00fcda me rahu<\/strong>. Tartu: Ma\u0142gosia, 2021. 91 lk.<br><strong>L\u00e4bip(a)istev<\/strong>. Tartu: Ma\u0142gosia, 2025, 87 lk.<\/p>\n\n\n\n<p><strong><em>Lasteraamatud<\/em><\/strong><br><strong>N\u00e4ssu<\/strong>. Tallinn: Tammerraamat, 2014. 51 lk.<br><strong>N\u00e4ssu ja lumekruubid<\/strong>. Tartu: Tartu M\u00e4nguasjamuuseum, 2019. 52 lk. [Lood ja luuletused.]<br><strong>Must kass ja Mustikas<\/strong>. Tartu: Ma\u0142gosia, 2020. 35 lk.<br><strong>N\u00e4ssu ja ko-hu-ta-valt kole kummik<\/strong>. Tartu: Tartu M\u00e4nguasjamuuseum, 2021. 68 lk.<br><strong>Mustikas ja maruline jooks<\/strong>. Tartu: Ma\u0142gosia, 2022. 40 lk.<br><strong>\u201cSee on minu pall!\u201d h\u00fc\u00fcdis Mustikas<\/strong>. Tartu: Ma\u0142gosia, 2023, 30 lk.<br><strong>Mustikas, kes sa oled?<\/strong>. Tartu: Ma\u0142gosia, 2025, 34 lk.<\/p>\n","protected":false},"excerpt":{"rendered":"<p>Marge P\u00e4rnits (s\u00fcnd. 16. XII 1976) on luuletaja ja lastekirjanik. P\u00e4rnits on s\u00fcndinud Tartus. Ta on l\u00f5petanud 1994. aastal Tartu 8. Keskkooli, \u00f5ppinud Tartu Kunstikoolis tekstiilikunsti erialal ja l\u00f5petanud 2003. aastal Tartu K\u00f5rgema Kunstikooli arvutigraafika erialal. Aastatel 2015\u20132017 \u00f5ppis ta &#8230;<\/p>\n","protected":false},"author":43,"featured_media":0,"parent":6501,"menu_order":0,"comment_status":"closed","ping_status":"closed","template":"","meta":{"_acf_changed":false,"inline_featured_image":false,"footnotes":""},"class_list":["post-9635","page","type-page","status-publish","hentry"],"acf":[],"_links":{"self":[{"href":"https:\/\/ewod.ut.ee\/et\/wp-json\/wp\/v2\/pages\/9635","targetHints":{"allow":["GET"]}}],"collection":[{"href":"https:\/\/ewod.ut.ee\/et\/wp-json\/wp\/v2\/pages"}],"about":[{"href":"https:\/\/ewod.ut.ee\/et\/wp-json\/wp\/v2\/types\/page"}],"author":[{"embeddable":true,"href":"https:\/\/ewod.ut.ee\/et\/wp-json\/wp\/v2\/users\/43"}],"replies":[{"embeddable":true,"href":"https:\/\/ewod.ut.ee\/et\/wp-json\/wp\/v2\/comments?post=9635"}],"version-history":[{"count":2,"href":"https:\/\/ewod.ut.ee\/et\/wp-json\/wp\/v2\/pages\/9635\/revisions"}],"predecessor-version":[{"id":9637,"href":"https:\/\/ewod.ut.ee\/et\/wp-json\/wp\/v2\/pages\/9635\/revisions\/9637"}],"up":[{"embeddable":true,"href":"https:\/\/ewod.ut.ee\/et\/wp-json\/wp\/v2\/pages\/6501"}],"wp:attachment":[{"href":"https:\/\/ewod.ut.ee\/et\/wp-json\/wp\/v2\/media?parent=9635"}],"curies":[{"name":"wp","href":"https:\/\/api.w.org\/{rel}","templated":true}]}}