{"id":9661,"date":"2024-04-03T23:42:40","date_gmt":"2024-04-03T20:42:40","guid":{"rendered":"https:\/\/sisu.ut.ee\/ewod\/?page_id=9661"},"modified":"2026-05-15T00:24:38","modified_gmt":"2026-05-14T21:24:38","slug":"enn-poldroos","status":"publish","type":"page","link":"https:\/\/ewod.ut.ee\/et\/p\/enn-poldroos\/","title":{"rendered":"Enn P\u00f5ldroos"},"content":{"rendered":"<figure class=\"wp-block-image alignright size-large\"><a href=\"https:\/\/sisu.ut.ee\/wp-content\/uploads\/sites\/108\/e._poldroos_kalju_suur-scaled.jpg\"><img loading=\"lazy\" decoding=\"async\" width=\"1024\" height=\"974\" src=\"https:\/\/sisu.ut.ee\/wp-content\/uploads\/sites\/108\/e._poldroos_kalju_suur-1024x974.jpg\" alt=\"\" class=\"wp-image-6198\" title=\"Foto: Kalju Suur\" srcset=\"https:\/\/sisu.ut.ee\/wp-content\/uploads\/sites\/108\/e._poldroos_kalju_suur-1024x974.jpg 1024w, https:\/\/sisu.ut.ee\/wp-content\/uploads\/sites\/108\/e._poldroos_kalju_suur-300x285.jpg 300w, https:\/\/sisu.ut.ee\/wp-content\/uploads\/sites\/108\/e._poldroos_kalju_suur-768x730.jpg 768w, https:\/\/sisu.ut.ee\/wp-content\/uploads\/sites\/108\/e._poldroos_kalju_suur-1536x1461.jpg 1536w, https:\/\/sisu.ut.ee\/wp-content\/uploads\/sites\/108\/e._poldroos_kalju_suur-2048x1947.jpg 2048w, https:\/\/sisu.ut.ee\/wp-content\/uploads\/sites\/108\/e._poldroos_kalju_suur-1920x1826.jpg 1920w\" sizes=\"auto, (max-width: 1024px) 100vw, 1024px\"><\/a><\/figure>\n\n\n\n<p>Enn P\u00f5ldroos (21. V 1933 \u2013 5. IX 2025) oli maali- ja monumetaalkunstnik, digigraafik, kirjanik, endine Kunstnike Liidu esimees ja parlamendiliige.<\/p>\n\n\n\n<p>P\u00f5ldroos s\u00fcndis Tallinnas. Ta \u00f5ppis aastatel\u00a01952\u20131958\u00a0Eesti Riiklikus Kunstiinstituudis\u00a0maalikunsti ja astus\u00a01959. aastal\u00a0Eesti Kunstnike Liitu. Seej\u00e4rel oli ta \u00f5ppej\u00f5ud\u00a0Tallinna Pedagoogilises Instituudis\u00a0(aastatel\u00a01961\u20131966) ja hiljem ka Eesti Riiklikus Kunstiinstituudis\/Eesti Kunstiakadeemias (1973\u20131985\u00a0ja\u00a01994\u20131995). Aastatel\u00a01985\u20131989\u00a0ja\u00a01995\u20131998\u00a0oli ta Eesti Kunstnike Liidu esimees. Alates\u00a01998. aastast oli ta vabakutseline kunstnik. Eesti Kirjanike Liidu liige 2003. aastast.<\/p>\n\n\n\n<p>Kirjanikuna sai P\u00f5ldroos avalikkuses tuntuks eestk\u00e4tt\u00a02000. aastatel. Ta kirjutas nii memuaarteoseid kui ka jutte ja romaane. Enne 2000. aastat ilmus temalt ainult raamat\u00a0maalikunstnik Olev Subbist\u00a0(1981).\u00a02002. aastal v\u00f5itis P\u00f5ldroos romaaniga \u201eJoonik kivi\u201c Eesti Kirjanike Liidu romaaniv\u00f5istlusel kolmanda koha. Nii nagu oma kujutavas kunstis, armastab P\u00f5ldroos ka kirjat\u00f6\u00f6s tugevaid v\u00e4rve, kontraste ja paradokse. 2011. aastal ilmunud romaanis \u201eAbsalon ehk veel \u00fcks P\u00f5rgup\u00f5hja Vanapagan\u201c toob autor <a href=\"https:\/\/ewod.ut.ee\/et\/t\/a-h-tammsaare\/\" data-type=\"page\" data-id=\"8618\">Tammsaare<\/a> ausameelse vanapagana j\u00e4reltulija elama kaasaja Eestisse. 2018. aastal ilmunud romaanis \u201eCircletown\u201c loob P\u00f5ldroos kaasaegse antiutoopia. P\u00f5ldroosi memuaarteoseid iseloomustab isikliku elukogemuse pihtimuslikult aus tunnistamine.<\/p>\n\n\n\n<p>2002.\u00a0aastal m\u00e4\u00e4rati Enn P\u00f5ldroosile Riigivapi IV klassi teenetem\u00e4rk ja 2006. aastal\u00a0Riigivapi III klassi teenetem\u00e4rk. 2014. aastal p\u00e4lvis ta\u00a0Eesti Vabariigi kultuuripreemia\u00a0elut\u00f6\u00f6 eest.<\/p>\n\n\n\n<p><em>L. P.<\/em><\/p>\n\n\n\n<p><strong><a href=\"https:\/\/poldroos.com\/\" target=\"_blank\" rel=\"noreferrer noopener\"><br>Koduleht<\/a><\/strong><\/p>\n\n\n\n<h4 class=\"wp-block-heading\"><br>Raamatud eesti keeles<\/h4>\n\n\n\n<p><em><strong>Romaanid<\/strong><\/em><br><strong>Joonik kivi<\/strong>. Tallinn: Eesti Keele Sihtasutus, 2003. 129 lk.<br><strong>Kinnituisanu<\/strong>: pseudokrimka. Tallinn: Eesti Keele Sihtasutus, 2005. 141 lk.<br><strong>Absalon ehk Veel \u00fcks P\u00f5rgup\u00f5hja Vanapagan<\/strong>. Tallinn: Kunst, 2011. 179 lk.<br><strong>Circletown<\/strong>. Tallinn: Eesti Keele Sihtasutus, 2018. 111 lk.<br><strong>Pahupidi<\/strong>. M\u00f5istulugu. Tallinn: EKSA, 2021, 155 lk.<br><strong>Absalon. \u00dche kuradi t\u00e4psustatud elulugu<\/strong>. Tallinn: EKSA, 2023, 167 lk.<\/p>\n\n\n\n<p><em><strong>L\u00fchiproosa<\/strong><\/em><br><strong>\u00d6\u00f6 r\u00fc\u00fctel<\/strong>. Tallinn: Eesti Keele Sihtasutus, 2002. 132 lk.<br><strong>Pr\u00fcgi seadus<\/strong>. Tallinn: Eesti Keele Sihtasutus, 2004. 198 lk.<br><strong>Silm veresoonega<\/strong>: pseudomuinasjutud. Tallinn: E. P\u00f5ldroos, 2006. 181 lk.<\/p>\n\n\n\n<p><em><strong>Esseed<\/strong><\/em><br><strong>Ma kujutlen<\/strong>. Tartu: Ilmamaa, 2015. 270 lk. [Sari \u2018Eesti m\u00f5ttelugu\u2019.]<\/p>\n\n\n\n<p><strong><em>M\u00e4lestused<\/em><\/strong><br><strong>Mees narrim\u00fctsiga<\/strong>. Tallinn: Kunst, 2001. 281 lk. [2. tr\u00fckk: 2013.]<\/p>\n\n\n\n<p><em><strong>Kunstiraamatud<\/strong><\/em><br><strong>Traditsiooni uudsus: Olev Subbi<\/strong>. Tallinn: Kunst, 1981. 63 lk. [Reproduktsioonide album.]<\/p>\n","protected":false},"excerpt":{"rendered":"<p>Enn P\u00f5ldroos (21. V 1933 \u2013 5. IX 2025) oli maali- ja monumetaalkunstnik, digigraafik, kirjanik, endine Kunstnike Liidu esimees ja parlamendiliige. P\u00f5ldroos s\u00fcndis Tallinnas. Ta \u00f5ppis aastatel\u00a01952\u20131958\u00a0Eesti Riiklikus Kunstiinstituudis\u00a0maalikunsti ja astus\u00a01959. aastal\u00a0Eesti Kunstnike Liitu. Seej\u00e4rel oli ta \u00f5ppej\u00f5ud\u00a0Tallinna Pedagoogilises Instituudis\u00a0(aastatel\u00a01961\u20131966) &#8230;<\/p>\n","protected":false},"author":43,"featured_media":0,"parent":6501,"menu_order":0,"comment_status":"closed","ping_status":"closed","template":"","meta":{"_acf_changed":false,"inline_featured_image":false,"footnotes":""},"class_list":["post-9661","page","type-page","status-publish","hentry"],"acf":[],"_links":{"self":[{"href":"https:\/\/ewod.ut.ee\/et\/wp-json\/wp\/v2\/pages\/9661","targetHints":{"allow":["GET"]}}],"collection":[{"href":"https:\/\/ewod.ut.ee\/et\/wp-json\/wp\/v2\/pages"}],"about":[{"href":"https:\/\/ewod.ut.ee\/et\/wp-json\/wp\/v2\/types\/page"}],"author":[{"embeddable":true,"href":"https:\/\/ewod.ut.ee\/et\/wp-json\/wp\/v2\/users\/43"}],"replies":[{"embeddable":true,"href":"https:\/\/ewod.ut.ee\/et\/wp-json\/wp\/v2\/comments?post=9661"}],"version-history":[{"count":4,"href":"https:\/\/ewod.ut.ee\/et\/wp-json\/wp\/v2\/pages\/9661\/revisions"}],"predecessor-version":[{"id":9666,"href":"https:\/\/ewod.ut.ee\/et\/wp-json\/wp\/v2\/pages\/9661\/revisions\/9666"}],"up":[{"embeddable":true,"href":"https:\/\/ewod.ut.ee\/et\/wp-json\/wp\/v2\/pages\/6501"}],"wp:attachment":[{"href":"https:\/\/ewod.ut.ee\/et\/wp-json\/wp\/v2\/media?parent=9661"}],"curies":[{"name":"wp","href":"https:\/\/api.w.org\/{rel}","templated":true}]}}