{"id":9679,"date":"2024-04-03T23:40:38","date_gmt":"2024-04-03T20:40:38","guid":{"rendered":"https:\/\/sisu.ut.ee\/ewod\/?page_id=9679"},"modified":"2026-05-15T10:25:57","modified_gmt":"2026-05-15T07:25:57","slug":"janno-poldma","status":"publish","type":"page","link":"https:\/\/ewod.ut.ee\/et\/p\/janno-poldma\/","title":{"rendered":"Janno P\u00f5ldma"},"content":{"rendered":"<p>Janno P\u00f5ldma (s\u00fcnd. 7. XI 1950) on filmire\u017eiss\u00f6\u00f6r ning laste- ja n\u00e4itekirjanik.<\/p>\n\n\n\n<p>P\u00f5ldma s\u00fcndis Tallinnas. Ta \u00f5ppis aastatel 1958\u20131969 Tallinna 36. keskkoolis. P\u00f5ldma t\u00f6\u00f6tas alates 1973. aastast filmistuudio \u201eTallinnfilm\u201c joonisfilmide osakonnas, alguses operaatori assistendina, seej\u00e4rel operaatorina. 1993. aastast asus t\u00f6\u00f6le stuudios \u201eEesti Joonisfilm\u201c. Ta on filminud \u00fcle 20 joonisfilmi (enamiku <a href=\"https:\/\/ewod.ut.ee\/et\/p\/priit-parn\/\" data-type=\"page\" data-id=\"9641\">Priit P\u00e4rna<\/a> filme, Rein Raamatu filmid \u201eSuur T\u00f5ll\u201c, \u201eP\u00f5rgu\u201c jne).<\/p>\n\n\n\n<p>Janno P\u00f5ldma deb\u00fcteeris juttudega noorteajakirjades 1977. aastal. 1985. aastal ilmus temalt lastele m\u00f5eldud jutukogu \u201eD\u017euudopoisid\u201c, mis kujutab 5. klassi poiste elu. Jutud on p\u00f5nevad ja s\u00e4rtsakad, autor k\u00e4sitleb kooliprobleeme humoorikalt.<\/p>\n\n\n\n<p>1980.\u20131990. aastatel kirjutas P\u00f5ldma mitmeid nuku- ja noorten\u00e4idendeid kaasaja noorte probleemidest ja eluk\u00fcsimustest: \u201ePoiss, kes ei tahtnud olla n\u00e4itleja\u201c (lavastatud Rakvere teatris), \u201eTeekond punktist A punkti B\u201c (lavastatud Viljandi teatris \u201eUgala\u201c) ning Nukuteatris lavastatud \u201eKoera pulm\u201c ja \u201eS\u00f5ber kurk\u201c. Koost\u00f6\u00f6s n\u00e4itleja Lembit Ulfsakiga kirjutas P\u00f5ldma 1992. aastal koguperem\u00e4ngufilmi \u201eLammas all paremas nurgas\u201c stsenaariumi. Ta on loonud stsenaariume mitmetele nuku- ja joonisfilmidele, mida ta ise on lavastanud.<\/p>\n\n\n\n<p>Janno P\u00f5ldma ning Heiki Ernits on re\u017eiss\u00f6\u00f6rideks animafilmidele koerat\u00fcdruk Lottest, mis on v\u00f5itnud ka rahvusvahelist populaarsust (\u201cLotte reis l\u00f5unamaale\u201d, 2000, \u201cLeiutajatek\u00fcla Lotte\u201d, 2006, \u201cLotte ja kuukivi saladus\u201d, 2011, \u201cLotte ja kadunud lohed\u201d, 2019). Lotte elab ka v\u00e4ljaspool filmimaailma, ta on arvukate raamatute tegelane, talle kuulub koht ka kooli\u00f5pikutes. Heiki Ernitsa arvukate piltidega illustreeritult on Janno P\u00f5ldmalt ilmunud samuti filmistsenaariumil p\u00f5hinev \u201eLepatriinude j\u00f5ulud\u201c (2002) ning 2026. aasta seisuga seitse Lotte-raamatut.<\/p>\n\n\n\n<p>2007. aastal p\u00e4lvis Janno P\u00f5ldma\u00a0Valget\u00e4he IV klassi teenetem\u00e4rgi.<\/p>\n\n\n\n<p><em>L. P.<\/em><\/p>\n\n\n\n<h4 class=\"wp-block-heading\"><br>Raamatud eesti keeles<\/h4>\n\n\n\n<p><em><strong>Stories<\/strong><\/em><br><strong>D\u017euudopoisid<\/strong>. Tallinn: Eesti Raamat, 1985. 95 lk.<br><strong>Lepatriinude j\u00f5ulud<\/strong>. Tallinn: Sild, 2002. 119 lk.<br><strong>Leiutajatek\u00fcla t\u00e4htis p\u00e4ev<\/strong>. Tallinn: Eesti Joonisfilm, 2006. 14 lk.<br><strong>Lotte ol\u00fcmpiaraamat<\/strong>. Tallinn: Eesti P\u00e4evaleht: Eesti Joonisfilm, 2008. 79 lk.<br><strong>Lotte ja kuukivi saladus<\/strong>. Tallinn: Eesti Joonisfilm, 2013. 329 lk.<br><strong>Leiutajatek\u00fcla lood<\/strong>. Tallinn: Tammerraamat, 2021, 173 lk. [2. tr\u00fckk: 2025.]<br><strong>Leiutajatek\u00fcla j\u00f5ulud<\/strong>. Tallinn: Tammerraamat, 2022, 77 lk.<br><strong>Leiutajatek\u00fcla pulmapidu<\/strong>. Tallinn: Tammerraamat, 2023, 128 lk.<br><strong>Roosi suvi<\/strong>. Tallinn: Tammerraamat, 2026, 22 lk.<\/p>\n","protected":false},"excerpt":{"rendered":"<p>Janno P\u00f5ldma (s\u00fcnd. 7. XI 1950) on filmire\u017eiss\u00f6\u00f6r ning laste- ja n\u00e4itekirjanik. P\u00f5ldma s\u00fcndis Tallinnas. Ta \u00f5ppis aastatel 1958\u20131969 Tallinna 36. keskkoolis. P\u00f5ldma t\u00f6\u00f6tas alates 1973. aastast filmistuudio \u201eTallinnfilm\u201c joonisfilmide osakonnas, alguses operaatori assistendina, seej\u00e4rel operaatorina. 1993. aastast asus t\u00f6\u00f6le &#8230;<\/p>\n","protected":false},"author":43,"featured_media":0,"parent":6501,"menu_order":0,"comment_status":"closed","ping_status":"closed","template":"","meta":{"_acf_changed":false,"inline_featured_image":false,"footnotes":""},"class_list":["post-9679","page","type-page","status-publish","hentry"],"acf":[],"_links":{"self":[{"href":"https:\/\/ewod.ut.ee\/et\/wp-json\/wp\/v2\/pages\/9679","targetHints":{"allow":["GET"]}}],"collection":[{"href":"https:\/\/ewod.ut.ee\/et\/wp-json\/wp\/v2\/pages"}],"about":[{"href":"https:\/\/ewod.ut.ee\/et\/wp-json\/wp\/v2\/types\/page"}],"author":[{"embeddable":true,"href":"https:\/\/ewod.ut.ee\/et\/wp-json\/wp\/v2\/users\/43"}],"replies":[{"embeddable":true,"href":"https:\/\/ewod.ut.ee\/et\/wp-json\/wp\/v2\/comments?post=9679"}],"version-history":[{"count":2,"href":"https:\/\/ewod.ut.ee\/et\/wp-json\/wp\/v2\/pages\/9679\/revisions"}],"predecessor-version":[{"id":9682,"href":"https:\/\/ewod.ut.ee\/et\/wp-json\/wp\/v2\/pages\/9679\/revisions\/9682"}],"up":[{"embeddable":true,"href":"https:\/\/ewod.ut.ee\/et\/wp-json\/wp\/v2\/pages\/6501"}],"wp:attachment":[{"href":"https:\/\/ewod.ut.ee\/et\/wp-json\/wp\/v2\/media?parent=9679"}],"curies":[{"name":"wp","href":"https:\/\/api.w.org\/{rel}","templated":true}]}}