{"id":9719,"date":"2024-09-07T18:05:10","date_gmt":"2024-09-07T15:05:10","guid":{"rendered":"https:\/\/sisu.ut.ee\/ewod\/?page_id=9719"},"modified":"2026-05-15T11:42:44","modified_gmt":"2026-05-15T08:42:44","slug":"heino-puhvel","status":"publish","type":"page","link":"https:\/\/ewod.ut.ee\/et\/p\/heino-puhvel\/","title":{"rendered":"Heino Puhvel"},"content":{"rendered":"<p>Heino Puhvel (26. IX 1926 \u2013 29. VIII 2001) oli kirjandusteadlane, kriitik ja proosakirjanik. Tema tegevuse oluline osa oli <a href=\"https:\/\/ewod.ut.ee\/et\/t\/a-h-tammsaare\/\" data-type=\"page\" data-id=\"8618\">Tammsaare<\/a> loomingu uurimine.<\/p>\n\n\n\n<p>Puhvel s\u00fcndis Valgamaa Patk\u00fcla vallas talupidaja pojana. Ta \u00f5ppis Patk\u00fcla ja Aegviidu algkoolis, Valga prog\u00fcmnaasiumis ja keskkoolis. Aastatel 1945\u20131950 \u00f5ppis ta Tartu Riiklikus \u00dclikoolis, l\u00f5petades ajaloo-keeleteaduskonna eesti filoloogina. P\u00e4rast \u00fclikooli l\u00f5petamist t\u00f6\u00f6tas Puhvel \u00f5petajana Elva Keskkoolis. Ta oli aastatel 1958\u20131960 Keele ja Kirjanduse Instituudi aspirant ning kaitses 1963. aastal kandidaadikraadi filoloogia alal. Heino Puhvel t\u00f6\u00f6tas Keele ja Kirjanduse Instituudis \u00fcle 30 aasta, alguses nooremteadurina, seej\u00e4rel vanemteadurina, ning oli aastatel 1973\u20131989 kirjandusteooria sektori juhataja. Aastatel 1989\u20131992 t\u00f6\u00f6tas ta teadurina. Aastatel 1993\u20131996 oli Puhvel Eesti Kirjanike Liidu Tartu osakonna esimees. Aastatel 1997\u20131999 t\u00f6\u00f6tas ta kirjastuses Eesti Raamat toimetajana. Heino Puhvel oli alates 1965. aastast Eesti Kirjanike Liidu liige.<\/p>\n\n\n\n<p>Puhvel avaldas esimesed kirjanduskriitilised ja kirjandusteaduslikud artiklid 1950. aastatel. Ta deb\u00fcteeris novellikirjanikuna 1965. aastal Mart Kalda pseudon\u00fc\u00fcmi all. 1997. aastal ilmus temalt Heino Puhveli nime all novellikogu \u201eDetsembrikuu valgus\u201c. Puhvel p\u00e4lvis korduvalt auhindu v\u00e4ljaannete Looming ja Edasi novelliv\u00f5istlustel. Heino Puhvel viljeles klassikalist novelli. Tema novelli \u201e\u00d5htust hommikuni\u201d (avaldatud 1960. aastal ajakirja Looming juulinumbris) j\u00e4rgi tegi Leida Laius filmistuudios Tallinnfilm 1962. aastal samanimelise m\u00e4ngufilmi.<\/p>\n\n\n\n<p>Heino Puhvel osales Tammsaare kogutud teoste (18 k\u00f6idet, 1978\u20131993) v\u00e4ljaandmisel koostajana ja saates\u00f5nade autorina.<\/p>\n\n\n\n<p>Puhveli viimaseks suureks t\u00f6\u00f6ks j\u00e4i \u201eEesti kirjanike leksikoni\u201d (Eesti Raamat, 2000, 693 lk) koostamine ja toimetamine. L\u00e4htudes Oskar Kruusi koostatud ja 1995. aastal ilmunud \u201eEesti kirjarahva leksikonist\u201d, lisas ta sellele veel 200 m\u00e4rks\u00f5na ning kirjutas leksikoni rohkesti uusi artikleid.<\/p>\n\n\n\n<p><em>L. P.<\/em><\/p>\n\n\n\n<h4 class=\"wp-block-heading\"><br>Raamatud eesti keeles<\/h4>\n\n\n\n<p><em><strong>Novellid<\/strong><\/em><br>Mart Kalda, <strong>M\u00f5nikord lauldakse sadamas<\/strong>. Tallinn: Eesti Raamat, 1965. 292 lk.<br><strong>Detsembrikuu valgus<\/strong>. Tartu: Ilmamaa, 1997. 230 lk.<\/p>\n\n\n\n<p><em><strong>Kirjandusuurimused<\/strong><\/em><br><strong>A. H. Tammsaare elu ja looming aastail 1878\u20131922<\/strong>. Tallinn: Eesti Raamat, 1966. 408 lk.<br><strong>S\u00f5nad s\u00f5elaga s\u00fclessa<\/strong>. Artikleid, l\u00fchiuurimusi, marginaale. Tallinn: Eesti Raamat, 1971. 296 lk.<br><strong>Kirjandus muutuvas maailmas<\/strong>. L\u00fchiuurimusi, s\u00f5nav\u00f5tte, retsensioone. Tallinn: Eesti Raamat, 1987. 216 lk.<\/p>\n","protected":false},"excerpt":{"rendered":"<p>Heino Puhvel (26. IX 1926 \u2013 29. VIII 2001) oli kirjandusteadlane, kriitik ja proosakirjanik. Tema tegevuse oluline osa oli Tammsaare loomingu uurimine. Puhvel s\u00fcndis Valgamaa Patk\u00fcla vallas talupidaja pojana. Ta \u00f5ppis Patk\u00fcla ja Aegviidu algkoolis, Valga prog\u00fcmnaasiumis ja keskkoolis. Aastatel &#8230;<\/p>\n","protected":false},"author":43,"featured_media":0,"parent":6501,"menu_order":0,"comment_status":"closed","ping_status":"closed","template":"","meta":{"_acf_changed":false,"inline_featured_image":false,"footnotes":""},"class_list":["post-9719","page","type-page","status-publish","hentry"],"acf":[],"_links":{"self":[{"href":"https:\/\/ewod.ut.ee\/et\/wp-json\/wp\/v2\/pages\/9719","targetHints":{"allow":["GET"]}}],"collection":[{"href":"https:\/\/ewod.ut.ee\/et\/wp-json\/wp\/v2\/pages"}],"about":[{"href":"https:\/\/ewod.ut.ee\/et\/wp-json\/wp\/v2\/types\/page"}],"author":[{"embeddable":true,"href":"https:\/\/ewod.ut.ee\/et\/wp-json\/wp\/v2\/users\/43"}],"replies":[{"embeddable":true,"href":"https:\/\/ewod.ut.ee\/et\/wp-json\/wp\/v2\/comments?post=9719"}],"version-history":[{"count":2,"href":"https:\/\/ewod.ut.ee\/et\/wp-json\/wp\/v2\/pages\/9719\/revisions"}],"predecessor-version":[{"id":9722,"href":"https:\/\/ewod.ut.ee\/et\/wp-json\/wp\/v2\/pages\/9719\/revisions\/9722"}],"up":[{"embeddable":true,"href":"https:\/\/ewod.ut.ee\/et\/wp-json\/wp\/v2\/pages\/6501"}],"wp:attachment":[{"href":"https:\/\/ewod.ut.ee\/et\/wp-json\/wp\/v2\/media?parent=9719"}],"curies":[{"name":"wp","href":"https:\/\/api.w.org\/{rel}","templated":true}]}}