{"id":9724,"date":"2024-04-03T23:40:38","date_gmt":"2024-04-03T20:40:38","guid":{"rendered":"https:\/\/sisu.ut.ee\/ewod\/?page_id=9724"},"modified":"2026-05-15T11:49:56","modified_gmt":"2026-05-15T08:49:56","slug":"mati-puhm","status":"publish","type":"page","link":"https:\/\/ewod.ut.ee\/et\/p\/mati-puhm\/","title":{"rendered":"Mati Puhm"},"content":{"rendered":"<figure class=\"wp-block-image alignright size-large is-resized\"><a href=\"https:\/\/sisu.ut.ee\/wp-content\/uploads\/sites\/108\/mati_puhm2.jpg\"><img loading=\"lazy\" decoding=\"async\" width=\"677\" height=\"1024\" src=\"https:\/\/sisu.ut.ee\/wp-content\/uploads\/sites\/108\/mati_puhm_vaike-677x1024.jpg\" alt=\"\" class=\"wp-image-6124\" style=\"aspect-ratio:0.6611367929175829;width:215px;height:auto\" srcset=\"https:\/\/sisu.ut.ee\/wp-content\/uploads\/sites\/108\/mati_puhm_vaike-677x1024.jpg 677w, https:\/\/sisu.ut.ee\/wp-content\/uploads\/sites\/108\/mati_puhm_vaike-198x300.jpg 198w, https:\/\/sisu.ut.ee\/wp-content\/uploads\/sites\/108\/mati_puhm_vaike-768x1162.jpg 768w, https:\/\/sisu.ut.ee\/wp-content\/uploads\/sites\/108\/mati_puhm_vaike-1016x1536.jpg 1016w, https:\/\/sisu.ut.ee\/wp-content\/uploads\/sites\/108\/mati_puhm_vaike.jpg 1128w\" sizes=\"auto, (max-width: 677px) 100vw, 677px\"><\/a><\/figure>\n\n\n\n<p>Mati Puhm (s\u00fcnd. 8. VI 1962) on luuletaja.<\/p>\n\n\n\n<p>Ta s\u00fcndis Paides ja l\u00f5petas 1980. aastal Paide 3. Keskkooli. Seej\u00e4rel \u00f5ppis ta Tallinna Pol\u00fctehnilises Instituudis, mille l\u00f5petas 1985. aastal masinaehituse inseneri erialal. Aastatel 1985\u20131990 t\u00f6\u00f6tas ta L\u00e4\u00e4nemaal Taebla Tehnikakoondises ning Haapsalus ehitajana. Aastatel 1991\u20131997 oli ta Haapsalus ajakirjanik ja g\u00fcmnaasiumi\u00f5petaja, t\u00f6\u00f6tas ka raamatupoes ning linnavalitsuse kultuuriosakonnas. Alates 1997. aastast on Puhm t\u00f6\u00f6tanud L\u00e4\u00e4nemaa Keskraamatukogus komplekteerijana.<\/p>\n\n\n\n<p>Mati Puhmi sulest on aastatel 2002\u20132010 ilmunud neli luulekogu. Soome t\u00f5lkija ja kriitik Merja Aho on nimetanud Puhmi luuletajaks, kelle looming seostub pigem varasemate aegadega, mil luule t\u00e4hendas ilu, sest autori teemad on armastus, s\u00fcdamevalu ja inimene kui k\u00fcbemeke maailma rataste vahel. Puhmi luuletuste valdavaks vormiks on riimitud nelikv\u00e4rsid. Loomingut l\u00e4biv joon on isiklikult l\u00e4bi tunnetatud kristlikud motiivid ning seosed 20. sajandi alguse alalhoidlikuma eesti luuletraditsiooniga. Puhm on toimetanud lasteraamatuid. Ta on koostanud L\u00e4\u00e4nemaa koolinoorte luule kogumikud \u201eLumenimeline\u201c (ilmunud 2000. aastal) ja \u201eKaela panin punase salli\u201c (ilmunud 2010. aastal).<\/p>\n\n\n\n<p>Mati Puhm on osalenud <a href=\"https:\/\/ewod.ut.ee\/et\/e\/ernst-enno\/\" data-type=\"page\" data-id=\"6792\">Ernst Ennole<\/a> p\u00fchendatud konverentside korraldamisel ja Enno m\u00e4lestuse j\u00e4\u00e4dvustamisel Haapsalus.<\/p>\n\n\n\n<p>Tema luuletusi on t\u00f5lgitud soome keelde ja kasutatud laulus\u00f5nadeks.<\/p>\n\n\n\n<p><em>L. P.<\/em><\/p>\n\n\n\n<h4 class=\"wp-block-heading\"><br>Raamatud eesti keeles<\/h4>\n\n\n\n<p><strong><em>Luule<\/em><\/strong><br><strong>S\u00fcdas\u00fcnd<\/strong>. Haapsalu: Humanist, 2002. 104 lk.<br><strong>Armuand<\/strong>. Haapsalu: Valcast, 2005. 165 lk.<br><strong>Laulud<\/strong>. Haapsalu: Valcast, 2007. 129 lk.<br><strong>Puhas laul<\/strong>. Haapsalu: Carp Stuudio, 2010. 48 lk.<\/p>\n","protected":false},"excerpt":{"rendered":"<p>Mati Puhm (s\u00fcnd. 8. VI 1962) on luuletaja. Ta s\u00fcndis Paides ja l\u00f5petas 1980. aastal Paide 3. Keskkooli. Seej\u00e4rel \u00f5ppis ta Tallinna Pol\u00fctehnilises Instituudis, mille l\u00f5petas 1985. aastal masinaehituse inseneri erialal. Aastatel 1985\u20131990 t\u00f6\u00f6tas ta L\u00e4\u00e4nemaal Taebla Tehnikakoondises ning Haapsalus &#8230;<\/p>\n","protected":false},"author":43,"featured_media":0,"parent":6501,"menu_order":0,"comment_status":"closed","ping_status":"closed","template":"","meta":{"_acf_changed":false,"inline_featured_image":false,"footnotes":""},"class_list":["post-9724","page","type-page","status-publish","hentry"],"acf":[],"_links":{"self":[{"href":"https:\/\/ewod.ut.ee\/et\/wp-json\/wp\/v2\/pages\/9724","targetHints":{"allow":["GET"]}}],"collection":[{"href":"https:\/\/ewod.ut.ee\/et\/wp-json\/wp\/v2\/pages"}],"about":[{"href":"https:\/\/ewod.ut.ee\/et\/wp-json\/wp\/v2\/types\/page"}],"author":[{"embeddable":true,"href":"https:\/\/ewod.ut.ee\/et\/wp-json\/wp\/v2\/users\/43"}],"replies":[{"embeddable":true,"href":"https:\/\/ewod.ut.ee\/et\/wp-json\/wp\/v2\/comments?post=9724"}],"version-history":[{"count":2,"href":"https:\/\/ewod.ut.ee\/et\/wp-json\/wp\/v2\/pages\/9724\/revisions"}],"predecessor-version":[{"id":9727,"href":"https:\/\/ewod.ut.ee\/et\/wp-json\/wp\/v2\/pages\/9724\/revisions\/9727"}],"up":[{"embeddable":true,"href":"https:\/\/ewod.ut.ee\/et\/wp-json\/wp\/v2\/pages\/6501"}],"wp:attachment":[{"href":"https:\/\/ewod.ut.ee\/et\/wp-json\/wp\/v2\/media?parent=9724"}],"curies":[{"name":"wp","href":"https:\/\/api.w.org\/{rel}","templated":true}]}}