{"id":9729,"date":"2024-04-03T23:40:17","date_gmt":"2024-04-03T20:40:17","guid":{"rendered":"https:\/\/sisu.ut.ee\/ewod\/?page_id=9729"},"modified":"2026-05-15T11:59:32","modified_gmt":"2026-05-15T08:59:32","slug":"lilli-promet","status":"publish","type":"page","link":"https:\/\/ewod.ut.ee\/et\/p\/lilli-promet\/","title":{"rendered":"Lilli Promet"},"content":{"rendered":"<figure class=\"wp-block-image alignright size-large is-resized\"><a href=\"https:\/\/sisu.ut.ee\/wp-content\/uploads\/sites\/108\/lilli_promet_hans_soosaar-scaled.jpg\"><img loading=\"lazy\" decoding=\"async\" width=\"656\" height=\"1024\" src=\"https:\/\/sisu.ut.ee\/wp-content\/uploads\/sites\/108\/lilli_promet_hans_soosaar-656x1024.jpg\" alt=\"\" class=\"wp-image-6041\" style=\"aspect-ratio:0.6406263763321538;width:261px;height:auto\" title=\"Foto: Hans Soosaar\" srcset=\"https:\/\/sisu.ut.ee\/wp-content\/uploads\/sites\/108\/lilli_promet_hans_soosaar-656x1024.jpg 656w, https:\/\/sisu.ut.ee\/wp-content\/uploads\/sites\/108\/lilli_promet_hans_soosaar-192x300.jpg 192w, https:\/\/sisu.ut.ee\/wp-content\/uploads\/sites\/108\/lilli_promet_hans_soosaar-768x1199.jpg 768w, https:\/\/sisu.ut.ee\/wp-content\/uploads\/sites\/108\/lilli_promet_hans_soosaar-984x1536.jpg 984w, https:\/\/sisu.ut.ee\/wp-content\/uploads\/sites\/108\/lilli_promet_hans_soosaar-1312x2048.jpg 1312w, https:\/\/sisu.ut.ee\/wp-content\/uploads\/sites\/108\/lilli_promet_hans_soosaar-1920x2997.jpg 1920w, https:\/\/sisu.ut.ee\/wp-content\/uploads\/sites\/108\/lilli_promet_hans_soosaar-scaled.jpg 1640w\" sizes=\"auto, (max-width: 656px) 100vw, 656px\"><\/a><\/figure>\n\n\n\n<p>Lilli Promet (t\u00e4isnimega Lilli Linda Promet, 16. II 1922 \u2013 16. II 2007) oli \u00fcks eesti populaarsemaid prosaiste 1960. ja 1970. aastatel. Ta on t\u00e4nase p\u00e4evani \u00fcks enimt\u00f5lgitud eesti kirjanikke.<\/p>\n\n\n\n<p>S\u00fcndis Petseris, isa Aleksander Promet oli maalikunstnik. \u00d5ppis N\u00f5mmel ja Tallinnas ning keraamikat Riigi Kunstt\u00f6\u00f6stuskoolis. T\u00f6\u00f6tas 1940-1941 Noorte H\u00e4\u00e4les. Teise maailmas\u00f5ja ajal evakueerus Venemaale Tatarstani, kus t\u00f6\u00f6tas muuhulgas \u00f5petajana. 1943 l\u00e4hetati t\u00f6\u00f6le blokaadiaegsesse Leningradi eestikeelsete raadiosaadete toimetajaks. 1944 naasis Eestisse, t\u00f6\u00f6tades mitmesuguste ajakirjandusv\u00e4ljaannete juures. Alates 1951. aastast kutseline kirjanik Tallinnas. Kirjanike Liidu liige 1958, ENSV teeneline kirjanik 1971. Oli abielus kirjanik Ralf Parvega (1919-2011). Nende poeg oli ajakirjanik, humorist ja poliitik Ralf R. Parve (1946-2008). Lilli Promet on maetud Tallinna Metsakalmistule.<\/p>\n\n\n\n<p>Tr\u00fckideb\u00fc\u00fcdi tegi Promet 1944. aastal luuletusega Leningradis ilmunud Eesti N\u00f5ukogude partisanide ajalehes Tasuja. Ajakirjanduses t\u00f6\u00f6tamise ajal ilmusid perioodikas mitmesugused proosapalad. Loomingu alguses domineeris l\u00fchiproosa, esimesed raamatud olid novellettide ja miniatuuride kogu \u201eAinult puhtast armastusest\u201c (LR 1958), jutustuste kogu \u201ePuhta kunsti j\u00fcngrid\u201c (1958) ning koos Ralf Parvega kirjutatud reisiraamat \u201e3 x pakitud kohver: reisipilte Saksamaalt, Bulgaariast, Soomest\u201c (1958). Omandas eesti proosakirjanduses kindla positsiooni, mida kindlustasid j\u00e4rgnenud kogud \u201eRoosa k\u00fcbar\u201c (1961) ja \u201eLamav tiiger\u201c (1964). \u00dclevaate l\u00fchiproosast annab valikkogu \u201e\u00dcleannetu maa\u201c (1977).<\/p>\n\n\n\n<p>Hilisemas loomingus domineerib pikem proosa. S\u00f5jaromaanid on \u201eMeesteta k\u00fcla\u201c (1962, t\u00e4iend tr 1972), mis kujutab 1941. aastal Eestist Venemaale evakueerunuid Tatarimaa oludes, ning Saksa okupatsiooni aegset Eestit kujutav \u201eT\u00fcdrukud taevast\u201c (1979). Prometile on eriomane, et erinevalt omaaegsetest kirjanikest kujutab ta sageli oma teostes ka teisest rahvusest tegelasi ning tegevustik leiab aset Eestist v\u00e4ljaspool. Nii on ka romaani \u201ePrimavera\u201c (1971) tegelaste elu keerdk\u00e4ikude taustaks n\u00f5ukogude turistide v\u00e4isatud Itaalia.<\/p>\n\n\n\n<p>Prometi tegelased on keeruka siseilmaga, enamasti haritlased, kunstnikud, ametnikud. Kujutab inimsuhteid ja -loomust erinevate vaatenurkade alt. Domineerib linnaelukujutus. Detailirohkes kujutamislaadis on n\u00e4htud kunsti\u00f5pingute m\u00f5jutusi. Loomingulist kujunemist on oluliselt m\u00f5jutanud s\u00f5ja-aastate kogemused, mis on andnud ainest mitmele teosele.<\/p>\n\n\n\n<p>Draamas \u201eLos Caprichos\u201c (Loomingus 1973, raamatuna 1976) t\u00f5ukub Francisco Goya samanimelisest sarjast, m\u00f5istes hukka v\u00e4givalla ning inim\u00f5iguste ja vaba vaimu r\u00f5humise. \u201eElse, Teeba prints\u201c (Looming 1982) k\u00e4sitleb saksa luuletaja Else Lasker-Sch\u00fcleri loost t\u00f5ukuvalt looja vastasseisu oma kaasajaga.<\/p>\n\n\n\n<p>Allegoorilisi ja satiirilisi kunstmuinasjutte koondab kogu \u201eTaputilgake\u201c (1986). Publitsistikakogudest \u201eImelik raamat\u201c (1965) ja \u201eRaamita pildid\u201c (1976) leiab arvustusi, intervjuusid, kunstnike ja kirjanike pildistusi k\u00f5rvuti isiklike paladega.<\/p>\n\n\n\n<p>Prometi proosateoste ja stsenaariumide alusel on valminud m\u00e4ngufilmid \u201eRoosa k\u00fcbar\u201c (Tallinnfilm 1963), \u201eT\u00fctarlaps mustas\u201c (Tallinnfilm 1967), \u201e\u00dche suve akvarellid\u201c (Eesti Telefilm 1967), \u201ePimedad aknad\u201c (Eesti Telefilm 1968) ja dokfilm \u201eElsa Maasik\u201c (Eesti Telefilm 1969).<\/p>\n\n\n\n<p><em>A. K.<\/em><\/p>\n\n\n\n<h4 class=\"wp-block-heading\"><br>Raamatud eesti keeles<\/h4>\n\n\n\n<p><strong><em>Romaanid<\/em><\/strong><br><strong>Meesteta k\u00fcla<\/strong>. Tallinn: Eesti Riiklik Kirjastus, 1962, 319 lk. [J\u00e4rgnevad tr\u00fckid: 1972, 1981.]<br><strong>Primavera<\/strong>. Tallinn: Eesti Raamat, 1971, 216 lk. [J\u00e4rgnevad tr\u00fckid:\u00a0 1981, 2009, 2016.]<br><strong>T\u00fcdrukud taevast<\/strong>. Tallinn: Eesti Raamat, 1979, 216 lk. [2. tr\u00fckk: 1982.]<br><strong>Iisabel<\/strong>. Tallinn: Eesti Raamat, 1992, 190 lk.<\/p>\n\n\n\n<p><strong><em>L\u00fchiproosa<\/em><\/strong><br><strong>Ainult puhtast armastusest<\/strong>. Novelle ja laaste. Tallinn: Ajalehtede-Ajakirjade Kirjastus (Loomingu Raamatukogu), 1958, 58 lk.<br><strong>P\u00fcha kunsti j\u00fcngrid<\/strong>. Jutustusi. Tallinn: Eesti Riiklik Kirjastus, 1958, 239 lk.<br><strong>Roosa k\u00fcbar<\/strong>. Novellid ja miniatuurid. Tallinn: Eesti Riiklik Kirjastus, 1961, 224 lk.<br><strong>Lamav tiiger<\/strong>. Novellid, laastud ja miniatuurid. Tallinn: Eesti Riiklik Kirjastus, 1964, 296 lk.<br><strong>Kes levitab anekdoote?<\/strong>. Jutustused. Tallinn: Eesti Raamat, 1967, 368 lk.<br><strong>\u00dcleannetu maa<\/strong>. Jutustused, novellid ja miniatuurid. Tallinn: Eesti Raamat, 1977, 672 lk.<\/p>\n\n\n\n<p><strong><em>Luule<\/em><\/strong><br><strong>Iibelpuu<\/strong>. Tallinn: Eesti Raamat, 1970, 112 lk.<br><strong>\u00d5htusel alleel<\/strong>. Tallinn: Eesti Raamat, 1989, 118 lk.<\/p>\n\n\n\n<p><strong><em>Reisikirjad<\/em><\/strong><br>Lilli Promet, Ralf Parve, <strong>3 x pakitud kohver. Reisipilte Saksamaalt, Bulgaariast, Soomest<\/strong>. Tallinn: Eesti Riiklik Kirjastus, 1958, 232 lk.<br>Lilli Promet, Ralf Parve, <strong>Kohtumine Marianne\u2019iga. Reisirev\u00fc\u00fc Prantsusmaalt<\/strong>. Tallinn: Eesti Riiklik Kirjastus, 1963, 96 lk.<br>Lilli Promet, Ralf Parve, <strong>7 kirja Poolast. Reisim\u00e4rkmeid<\/strong>. Tallinn: Eesti Raamat, 1965, 96 lk.<br>Lilli Promet, Ralf Parve, <strong>Kahekesi teel. Reisimuljeid Poola Rahvavabariigist, Ungari Rahvavabariigist ja Rumeenia Sotsialistlikust Vabariigist<\/strong>. Tallinn: Eesti Raamat, 1975, 184 lk.<\/p>\n\n\n\n<p><strong><em>N\u00e4idendid<\/em><\/strong><br><strong>Los Caprichos<\/strong>. Tallinn: Eesti Raamat, 1976, 110 lk. [2. tr\u00fckk: 1983.]<\/p>\n\n\n\n<p><strong><em>Lasteraamatud<\/em><\/strong><br><strong>Pannkoogir\u00f5\u00f5m<\/strong>. V\u00e4rsslood nooremale koolieale. Tallinn: Eesti Raamat, 1984, 32 lk.<br><strong>Taputilgake<\/strong>. Muinasjutud. Tallinn: Eesti Raamat, 1986, 77 lk.<br><strong>Kuningal on h\u00e4da<\/strong>. Bufonaad 2 vaatuses: vanemale koolieale. Tallinn: Eesti Raamat, 1989, 47 lk.<\/p>\n\n\n\n<p><strong><em>Publitsistika<\/em><\/strong><br><strong>Imelik raamat<\/strong>. Publitsistika ja proosa. Tallinn: Eesti Raamat, 1965, 276 lk.<br><strong>Raamita pildid<\/strong>. Publitsistikat. Tallinn: Eesti Raamat, 1976, 152 lk.<br><strong>Aheldatud muusa<\/strong>. Tallinn: Eesti Raamat, 1997, 253 lk.<\/p>\n\n\n\n<p><strong><em>Kogutud teosed<\/em><\/strong><br><strong>Teosed, 1. k\u00f6ide. Meesteta k\u00fcla<\/strong>. Tallinn: Eesti Raamat, 1981, 294 lk.<br><strong>Teosed, 2. k\u00f6ide. Primavera<\/strong>. Tallinn: Eesti Raamat, 1981, 198 lk.<br><strong>Teosed, 3. k\u00f6ide<\/strong>. <strong>T\u00fcdrukud taevast<\/strong>. Tallinn: Eesti Raamat, 1982, 214 lk.<br><strong>Teosed, 4. k\u00f6ide. Pesamaa. Jutustused<\/strong>. Tallinn: Eesti Raamat, 1982, 413 lk.<br><strong>Teosed, 5. k\u00f6ide. Kui tuhkpuu \u00f5itseb. Novellid, miniatuurid ja luuletused<\/strong>. Tallinn: Eesti Raamat, 1983, 262 lk.<br><strong>Teosed, 6. k\u00f6ide. Maastikuh\u00e4\u00e4led. N\u00e4idendid, publitsistika<\/strong>. Tallinn: Eesti Raamat, 1983, 511 lk.<\/p>\n","protected":false},"excerpt":{"rendered":"<p>Lilli Promet (t\u00e4isnimega Lilli Linda Promet, 16. II 1922 \u2013 16. II 2007) oli \u00fcks eesti populaarsemaid prosaiste 1960. ja 1970. aastatel. Ta on t\u00e4nase p\u00e4evani \u00fcks enimt\u00f5lgitud eesti kirjanikke. S\u00fcndis Petseris, isa Aleksander Promet oli maalikunstnik. \u00d5ppis N\u00f5mmel ja &#8230;<\/p>\n","protected":false},"author":43,"featured_media":0,"parent":6501,"menu_order":0,"comment_status":"closed","ping_status":"closed","template":"","meta":{"_acf_changed":false,"inline_featured_image":false,"footnotes":""},"class_list":["post-9729","page","type-page","status-publish","hentry"],"acf":[],"_links":{"self":[{"href":"https:\/\/ewod.ut.ee\/et\/wp-json\/wp\/v2\/pages\/9729","targetHints":{"allow":["GET"]}}],"collection":[{"href":"https:\/\/ewod.ut.ee\/et\/wp-json\/wp\/v2\/pages"}],"about":[{"href":"https:\/\/ewod.ut.ee\/et\/wp-json\/wp\/v2\/types\/page"}],"author":[{"embeddable":true,"href":"https:\/\/ewod.ut.ee\/et\/wp-json\/wp\/v2\/users\/43"}],"replies":[{"embeddable":true,"href":"https:\/\/ewod.ut.ee\/et\/wp-json\/wp\/v2\/comments?post=9729"}],"version-history":[{"count":2,"href":"https:\/\/ewod.ut.ee\/et\/wp-json\/wp\/v2\/pages\/9729\/revisions"}],"predecessor-version":[{"id":9732,"href":"https:\/\/ewod.ut.ee\/et\/wp-json\/wp\/v2\/pages\/9729\/revisions\/9732"}],"up":[{"embeddable":true,"href":"https:\/\/ewod.ut.ee\/et\/wp-json\/wp\/v2\/pages\/6501"}],"wp:attachment":[{"href":"https:\/\/ewod.ut.ee\/et\/wp-json\/wp\/v2\/media?parent=9729"}],"curies":[{"name":"wp","href":"https:\/\/api.w.org\/{rel}","templated":true}]}}