{"id":9743,"date":"2024-04-03T23:41:01","date_gmt":"2024-04-03T20:41:01","guid":{"rendered":"https:\/\/sisu.ut.ee\/ewod\/?page_id=9743"},"modified":"2026-05-15T15:15:02","modified_gmt":"2026-05-15T12:15:02","slug":"andres-pranspill","status":"publish","type":"page","link":"https:\/\/ewod.ut.ee\/et\/p\/andres-pranspill\/","title":{"rendered":"Andres Pranspill"},"content":{"rendered":"<figure class=\"wp-block-image alignright size-large is-resized\"><a href=\"https:\/\/sisu.ut.ee\/wp-content\/uploads\/sites\/108\/a._pranspill-scaled.jpg\"><img loading=\"lazy\" decoding=\"async\" width=\"690\" height=\"1024\" src=\"https:\/\/sisu.ut.ee\/wp-content\/uploads\/sites\/108\/a._pranspill-690x1024.jpg\" alt=\"\" class=\"wp-image-6308\" style=\"aspect-ratio:0.6738208187081057;width:288px;height:auto\" srcset=\"https:\/\/sisu.ut.ee\/wp-content\/uploads\/sites\/108\/a._pranspill-690x1024.jpg 690w, https:\/\/sisu.ut.ee\/wp-content\/uploads\/sites\/108\/a._pranspill-202x300.jpg 202w, https:\/\/sisu.ut.ee\/wp-content\/uploads\/sites\/108\/a._pranspill-768x1140.jpg 768w, https:\/\/sisu.ut.ee\/wp-content\/uploads\/sites\/108\/a._pranspill-1035x1536.jpg 1035w, https:\/\/sisu.ut.ee\/wp-content\/uploads\/sites\/108\/a._pranspill-1379x2048.jpg 1379w, https:\/\/sisu.ut.ee\/wp-content\/uploads\/sites\/108\/a._pranspill-1920x2851.jpg 1920w, https:\/\/sisu.ut.ee\/wp-content\/uploads\/sites\/108\/a._pranspill-scaled.jpg 1724w\" sizes=\"auto, (max-width: 690px) 100vw, 690px\"><\/a><\/figure>\n\n\n\n<p>Andres Pranspill (kasutas ka nimekujusid ka Andres Pranspiel, Andrew Pranspill, 9. IX 1887 \u2013 6. VI 1968) oli v\u00e4liseesti kirjanik.<\/p>\n\n\n\n<p>Ta s\u00fcndis Valgamaal Helmes Liudsepa talus. 1902. aastal lahkus ta koduvallast Peterburisse. Venemaalt siirdus ta edasi USAsse. Ta omandas g\u00fcmnaasiumihariduse New Yorgis ja j\u00e4i elama USAsse. Ameerika \u00dchendriikides t\u00f6\u00f6tas ta erinevates ametites: oli puusepp, madrus, velsker, samal ajal Eestis ilmuvate ajalehtede mittekoosseisuline kirjasaatja ja publitsist.<\/p>\n\n\n\n<p>1926. aastal andis Pranspill New Yorgis v\u00e4lja kireva kultuuriloolise sisuga kogumiku W\u00e4lis Eesti. Pranspill k\u00fclastas Eestit 1928. aastal. Samal aastal tr\u00fckiti Tartus tema koostatud ja t\u00f5lgitud ameerika kirjandust tutvustav \u201eAmeerika antoloogia\u201c. K\u00f5rvuti Johannes Semperiga oli Andres Pranspill Walt Whitmani luule esmatutvustaja Eestis.<\/p>\n\n\n\n<p>Aastak\u00fcmnete pikkuse t\u00f5lket\u00f6\u00f6 viljana ilmus Ameerika \u00dchendriikides 1956. aastal ingliskeelne t\u00f5lkevalimik \u201eEstonian Anthology\u201c. See koguteos on Pranspilli koostatud ja kirjastatud, osaliselt ka t\u00f5lgitud. Raamat sisaldab Faehlmanni, Kreutzwaldi, Eiseni, Juhan Liivi, <a href=\"https:\/\/ewod.ut.ee\/et\/t\/a-h-tammsaare\/\" data-type=\"page\" data-id=\"8618\">Tammsaare<\/a>, <a href=\"https:\/\/ewod.ut.ee\/et\/t\/friedebert-tuglas\/\" data-type=\"page\" data-id=\"6932\">Tuglase<\/a>, <a href=\"https:\/\/ewod.ut.ee\/et\/u\/marie-under\/\" data-type=\"page\" data-id=\"8294\">Underi<\/a> ja teiste tuntud eesti autorite loomingu t\u00f5lgete k\u00f5rval ka Pranspilli omaloomingut, anon\u00fc\u00fcmset kirjat\u00f6\u00f6d pealkirjaga \u201eThe dictatorship of the proletariat\u201c, katkendi Tartu rahulepingust, rahvalaule, m\u00f5istatusi ja vanas\u00f5nu.<\/p>\n\n\n\n<p>Andres Pranspill suri 80-aastasena Connecticuti osariigis New Havenis.<\/p>\n\n\n\n<p><em>L. P.<\/em><\/p>\n\n\n\n<h4 class=\"wp-block-heading\"><br>Antoloogiad<\/h4>\n\n\n\n<p><strong>Ameerika antoloogia<\/strong>. Tartu: A. Pranspill, 1928. 520 lk.<br><strong>Estonian Anthology<\/strong>: intimate stories of life, love, labor and war of the Estonian people. Compiled, translated and published by A. Pranspill. Translations by W. K. Matthews. Edited by Milton Millhauser. Milford [Connecticut]: A. Pranspill, 1956. 320 lk.<\/p>\n","protected":false},"excerpt":{"rendered":"<p>Andres Pranspill (kasutas ka nimekujusid ka Andres Pranspiel, Andrew Pranspill, 9. IX 1887 \u2013 6. VI 1968) oli v\u00e4liseesti kirjanik. Ta s\u00fcndis Valgamaal Helmes Liudsepa talus. 1902. aastal lahkus ta koduvallast Peterburisse. Venemaalt siirdus ta edasi USAsse. Ta omandas g\u00fcmnaasiumihariduse &#8230;<\/p>\n","protected":false},"author":43,"featured_media":0,"parent":6501,"menu_order":0,"comment_status":"closed","ping_status":"closed","template":"","meta":{"_acf_changed":false,"inline_featured_image":false,"footnotes":""},"class_list":["post-9743","page","type-page","status-publish","hentry"],"acf":[],"_links":{"self":[{"href":"https:\/\/ewod.ut.ee\/et\/wp-json\/wp\/v2\/pages\/9743","targetHints":{"allow":["GET"]}}],"collection":[{"href":"https:\/\/ewod.ut.ee\/et\/wp-json\/wp\/v2\/pages"}],"about":[{"href":"https:\/\/ewod.ut.ee\/et\/wp-json\/wp\/v2\/types\/page"}],"author":[{"embeddable":true,"href":"https:\/\/ewod.ut.ee\/et\/wp-json\/wp\/v2\/users\/43"}],"replies":[{"embeddable":true,"href":"https:\/\/ewod.ut.ee\/et\/wp-json\/wp\/v2\/comments?post=9743"}],"version-history":[{"count":2,"href":"https:\/\/ewod.ut.ee\/et\/wp-json\/wp\/v2\/pages\/9743\/revisions"}],"predecessor-version":[{"id":9746,"href":"https:\/\/ewod.ut.ee\/et\/wp-json\/wp\/v2\/pages\/9743\/revisions\/9746"}],"up":[{"embeddable":true,"href":"https:\/\/ewod.ut.ee\/et\/wp-json\/wp\/v2\/pages\/6501"}],"wp:attachment":[{"href":"https:\/\/ewod.ut.ee\/et\/wp-json\/wp\/v2\/media?parent=9743"}],"curies":[{"name":"wp","href":"https:\/\/api.w.org\/{rel}","templated":true}]}}